{"id":1313,"date":"2015-06-27T18:25:39","date_gmt":"2015-06-27T18:25:39","guid":{"rendered":"http:\/\/s663169591.online.de\/oberschule\/?page_id=1313"},"modified":"2024-08-12T06:52:07","modified_gmt":"2024-08-12T06:52:07","slug":"praxisberater-an-der-schule","status":"publish","type":"page","link":"https:\/\/die-medien-produktion.de\/?page_id=1313","title":{"rendered":"Praxisberater an der Schule"},"content":{"rendered":"<p>Als Ansprechpartner und Bezugsperson zu Fragen der Berufsorientierung vor Ort unterst\u00fctzt der Praxisberater die Sch\u00fclerinnen und Sch\u00fcler an der Schule auf dem Weg zu einer erfolgreichen Berufswahl. Ausgehend von den individuellen Voraussetzungen und Bed\u00fcrfnissen werden die St\u00e4rken und Kompetenzen der Sch\u00fcler in Klasse 7 und 8 weiter gef\u00f6rdert.<\/p>\n<p>Die Begleitung durch den Praxisberater umfasst folgende Handlungsfelder:<br \/>\n\u2013 Potenzialanalyse f\u00fcr alle Sch\u00fcler der Klasse 7 mit Auswertung und Entwicklungsplanung<br \/>\n\u2013 individuelle Angebote zur Berufsorientierung in Klasse 7 und 8<br \/>\n\u2013 Koordinierung und Abstimmung der Angebote der Region und weiterer Partner<\/p>\n<p>&nbsp;<\/p>\n<p><strong>Kontakt<\/strong><\/p>\n<p>Herr Thomas Kromen<\/p>\n<p>Mobil: 0151 14536961<br \/>\nE-Mail: Thomas.Kromen@bam-gmbh.de<\/p>\n<p>B\u00fcro: Oberschule Lommatzscher Pflege, Zimmer 204<\/p>\n<p>&nbsp;<\/p>\n<p><a href=\"http:\/\/www.s663169591.online.de\/oberschule\/wp-content\/uploads\/2021\/10\/21_07_06_logoleiste_rd_smk.png\"><img loading=\"lazy\" class=\"alignnone wp-image-5319 \" src=\"http:\/\/www.s663169591.online.de\/oberschule\/wp-content\/uploads\/2021\/10\/21_07_06_logoleiste_rd_smk-1024x354.png\" alt=\"\" width=\"576\" height=\"199\" srcset=\"https:\/\/die-medien-produktion.de\/wp-content\/uploads\/2021\/10\/21_07_06_logoleiste_rd_smk-1024x354.png 1024w, https:\/\/die-medien-produktion.de\/wp-content\/uploads\/2021\/10\/21_07_06_logoleiste_rd_smk-300x104.png 300w, https:\/\/die-medien-produktion.de\/wp-content\/uploads\/2021\/10\/21_07_06_logoleiste_rd_smk-768x266.png 768w, https:\/\/die-medien-produktion.de\/wp-content\/uploads\/2021\/10\/21_07_06_logoleiste_rd_smk-1536x532.png 1536w, https:\/\/die-medien-produktion.de\/wp-content\/uploads\/2021\/10\/21_07_06_logoleiste_rd_smk-2048x709.png 2048w\" sizes=\"(max-width: 576px) 100vw, 576px\" \/><\/a><\/p>\n<div style=\"text-align: center;\"><strong>Projekttr\u00e4ger:&nbsp;&nbsp; <\/strong><a href=\"https:\/\/www.bam-gmbh.de\/\" target=\"_blank\" rel=\"noopener\">bam GmbH<\/a>, Ossietzkystra\u00dfe 37a, 01662 Mei\u00dfen<\/div>\n<div><a href=\"http:\/\/www.s663169591.online.de\/oberschule\/wp-content\/uploads\/2023\/08\/bam-Logo.jpg\"><img loading=\"lazy\" class=\"wp-image-6062 aligncenter\" src=\"http:\/\/www.s663169591.online.de\/oberschule\/wp-content\/uploads\/2023\/08\/bam-Logo-300x61.jpg\" alt=\"\" width=\"157\" height=\"32\" srcset=\"https:\/\/die-medien-produktion.de\/wp-content\/uploads\/2023\/08\/bam-Logo-300x61.jpg 300w, https:\/\/die-medien-produktion.de\/wp-content\/uploads\/2023\/08\/bam-Logo-768x157.jpg 768w, https:\/\/die-medien-produktion.de\/wp-content\/uploads\/2023\/08\/bam-Logo.jpg 952w\" sizes=\"(max-width: 157px) 100vw, 157px\" \/><\/a><\/div>\n<div>&nbsp;<\/div>\n","protected":false},"excerpt":{"rendered":"<p>Als Ansprechpartner und Bezugsperson zu Fragen der Berufsorientierung vor Ort unterst\u00fctzt der Praxisberater die Sch\u00fclerinnen und Sch\u00fcler an der Schule auf dem Weg zu einer erfolgreichen Berufswahl. Ausgehend von den individuellen Voraussetzungen und Bed\u00fcrfnissen werden die St\u00e4rken und Kompetenzen der Sch\u00fcler in Klasse 7 und 8 weiter gef\u00f6rdert. Die Begleitung durch den Praxisberater umfasst folgende [&hellip;]<\/p>\n","protected":false},"author":6,"featured_media":0,"parent":1290,"menu_order":1,"comment_status":"closed","ping_status":"closed","template":"","meta":{"ngg_post_thumbnail":0},"_links":{"self":[{"href":"https:\/\/die-medien-produktion.de\/index.php?rest_route=\/wp\/v2\/pages\/1313"}],"collection":[{"href":"https:\/\/die-medien-produktion.de\/index.php?rest_route=\/wp\/v2\/pages"}],"about":[{"href":"https:\/\/die-medien-produktion.de\/index.php?rest_route=\/wp\/v2\/types\/page"}],"author":[{"embeddable":true,"href":"https:\/\/die-medien-produktion.de\/index.php?rest_route=\/wp\/v2\/users\/6"}],"replies":[{"embeddable":true,"href":"https:\/\/die-medien-produktion.de\/index.php?rest_route=%2Fwp%2Fv2%2Fcomments&post=1313"}],"version-history":[{"count":15,"href":"https:\/\/die-medien-produktion.de\/index.php?rest_route=\/wp\/v2\/pages\/1313\/revisions"}],"predecessor-version":[{"id":6441,"href":"https:\/\/die-medien-produktion.de\/index.php?rest_route=\/wp\/v2\/pages\/1313\/revisions\/6441"}],"up":[{"embeddable":true,"href":"https:\/\/die-medien-produktion.de\/index.php?rest_route=\/wp\/v2\/pages\/1290"}],"wp:attachment":[{"href":"https:\/\/die-medien-produktion.de\/index.php?rest_route=%2Fwp%2Fv2%2Fmedia&parent=1313"}],"curies":[{"name":"wp","href":"https:\/\/api.w.org\/{rel}","templated":true}]}}