{"id":1320,"date":"2015-06-27T18:32:46","date_gmt":"2015-06-27T18:32:46","guid":{"rendered":"http:\/\/s663169591.online.de\/oberschule\/?page_id=1320"},"modified":"2024-08-22T06:28:10","modified_gmt":"2024-08-22T06:28:10","slug":"praxisberater-der-agentur-fur-arbeit","status":"publish","type":"page","link":"https:\/\/die-medien-produktion.de\/?page_id=1320","title":{"rendered":"Berufsberaterin der Agentur f\u00fcr Arbeit"},"content":{"rendered":"<p>Die Berufsberaterin der Agentur f\u00fcr Arbeit unterst\u00fctzt den Prozess der Berufswahl an der Schule ab der Vorabgangsklasse. Sie informiert die Sch\u00fcler zu Entwicklungen auf dem Ausbildungs- und Arbeitsmarkt und stellt die Dienstleistungen und medialen Angebote der Agentur f\u00fcr Arbeit vor.<\/p>\n<p>Unsere Sch\u00fcler lernen, wie sie sich selbst zu Berufsfeldern\/Berufsgruppen informieren k\u00f6nnen und welche Bildungswege und \u00dcberbr\u00fcckungsm\u00f6glichkeiten nach dem Schulabschluss zur Verf\u00fcgung stehen.<br \/>\nIndividuelle Beratungsangebote f\u00fcr Sch\u00fcler und Eltern erg\u00e4nzen das Angebot.<\/p>\n<p>&nbsp;<\/p>\n<p><strong>Kontakt<\/strong><\/p>\n<p>Frau Jenny Tietze<\/p>\n<p>Tel.: 03521 \/ 746 &#8211; 151<br \/>\nE-Mail: Jenny.Tietze@arbeitsagentur.de<\/p>\n<p>B\u00fcro: Oberschule Lommatzscher Pflege, Zimmer 206<br \/>\n<strong>Sprechzeiten in der Schule<\/strong>: FREITAGS.<\/p>\n<p>Agentur f\u00fcr Arbeit Mei\u00dfen<br \/>\nDresdner Str. 48<br \/>\n01662 Mei\u00dfen<\/p>\n","protected":false},"excerpt":{"rendered":"<p>Die Berufsberaterin der Agentur f\u00fcr Arbeit unterst\u00fctzt den Prozess der Berufswahl an der Schule ab der Vorabgangsklasse. Sie informiert die Sch\u00fcler zu Entwicklungen auf dem Ausbildungs- und Arbeitsmarkt und stellt die Dienstleistungen und medialen Angebote der Agentur f\u00fcr Arbeit vor. Unsere Sch\u00fcler lernen, wie sie sich selbst zu Berufsfeldern\/Berufsgruppen informieren k\u00f6nnen und welche Bildungswege und [&hellip;]<\/p>\n","protected":false},"author":6,"featured_media":0,"parent":1290,"menu_order":3,"comment_status":"closed","ping_status":"closed","template":"","meta":{"ngg_post_thumbnail":0},"_links":{"self":[{"href":"https:\/\/die-medien-produktion.de\/index.php?rest_route=\/wp\/v2\/pages\/1320"}],"collection":[{"href":"https:\/\/die-medien-produktion.de\/index.php?rest_route=\/wp\/v2\/pages"}],"about":[{"href":"https:\/\/die-medien-produktion.de\/index.php?rest_route=\/wp\/v2\/types\/page"}],"author":[{"embeddable":true,"href":"https:\/\/die-medien-produktion.de\/index.php?rest_route=\/wp\/v2\/users\/6"}],"replies":[{"embeddable":true,"href":"https:\/\/die-medien-produktion.de\/index.php?rest_route=%2Fwp%2Fv2%2Fcomments&post=1320"}],"version-history":[{"count":24,"href":"https:\/\/die-medien-produktion.de\/index.php?rest_route=\/wp\/v2\/pages\/1320\/revisions"}],"predecessor-version":[{"id":6461,"href":"https:\/\/die-medien-produktion.de\/index.php?rest_route=\/wp\/v2\/pages\/1320\/revisions\/6461"}],"up":[{"embeddable":true,"href":"https:\/\/die-medien-produktion.de\/index.php?rest_route=\/wp\/v2\/pages\/1290"}],"wp:attachment":[{"href":"https:\/\/die-medien-produktion.de\/index.php?rest_route=%2Fwp%2Fv2%2Fmedia&parent=1320"}],"curies":[{"name":"wp","href":"https:\/\/api.w.org\/{rel}","templated":true}]}}