{"id":1466,"date":"2015-09-03T14:31:20","date_gmt":"2015-09-03T14:31:20","guid":{"rendered":"http:\/\/s663169591.online.de\/oberschule\/?page_id=1466"},"modified":"2023-02-17T09:03:02","modified_gmt":"2023-02-17T09:03:02","slug":"sozialpadagogik-projekt-%e2%80%9ekompass-2","status":"publish","type":"page","link":"https:\/\/die-medien-produktion.de\/?page_id=1466","title":{"rendered":"Arbeitsfelder"},"content":{"rendered":"<p>&nbsp;<\/p>\n<p>&nbsp;<\/p>\n<ul>\n<li><span style=\"color: #825a2d;\">&nbsp;<\/span><span style=\"font-size: medium;\"><b>Einzelarbeit \/ Einzelfallhilfe \/ Krisenintervention\n<p><\/b><\/span><span style=\"font-size: medium;\">&nbsp;Individuelle Beratung und Begleitung von Sch\u00fclerinnen und Sch\u00fclern<br \/>\n<\/span><\/li>\n<\/ul>\n<p>&nbsp;<\/p>\n<ul>\n<li><span style=\"font-size: medium;\"><b>Gruppenarbeit und Mobbingintervention<br \/>\n<\/b><\/span><\/li>\n<li><span style=\"font-size: medium;\">&#8211; St\u00e4rkenarbeit in Kleingruppen<\/span><\/li>\n<li><span style=\"font-size: medium;\">&#8211; Klassentraining und Klassenmediation bei Bedarf<\/span><\/li>\n<li><span style=\"font-size: medium;\">&#8211; <\/span><span style=\"font-size: medium;\">Soziales Training <\/span><\/li>\n<\/ul>\n<p>&nbsp;<\/p>\n<ul>\n<li><span style=\"font-size: medium;\"><b>Gezielte Pr\u00e4ventionsangebote und Workshops<\/b><\/span><\/li>\n<\/ul>\n<p>&nbsp;<\/p>\n<ul>\n<li><span style=\"font-size: medium;\"><b>Elternberatung und Vermittlung zu weiteren Diensten<\/b><\/span><\/li>\n<\/ul>\n<p>&nbsp;<\/p>\n<ul>\n<li><span style=\"font-size: medium;\"><b>Gemeinwesen &#8211; Netzwerkarbeit f\u00fcr weitere Hilfen und Angebote <\/b><\/span><\/li>\n<\/ul>\n<p>&nbsp;<\/p>\n<ul>\n<li><span style=\"font-size: medium;\"><b>Begleitung und Durchf\u00fchrung von Partizipationsprojekten <\/b><\/span><\/li>\n<\/ul>\n<p>&nbsp;<\/p>\n<ul>\n<li><span style=\"font-size: medium;\"><b>Kinderschutz \/ Beratung Kinderschutzintervention nach \u00a78a<\/b><\/span><\/li>\n<\/ul>\n","protected":false},"excerpt":{"rendered":"<p>&nbsp; &nbsp; &nbsp;Einzelarbeit \/ Einzelfallhilfe \/ Krisenintervention &nbsp;Individuelle Beratung und Begleitung von Sch\u00fclerinnen und Sch\u00fclern &nbsp; Gruppenarbeit und Mobbingintervention &#8211; St\u00e4rkenarbeit in Kleingruppen &#8211; Klassentraining und Klassenmediation bei Bedarf &#8211; Soziales Training &nbsp; Gezielte Pr\u00e4ventionsangebote und Workshops &nbsp; Elternberatung und Vermittlung zu weiteren Diensten &nbsp; Gemeinwesen &#8211; Netzwerkarbeit f\u00fcr weitere Hilfen und Angebote &nbsp; Begleitung [&hellip;]<\/p>\n","protected":false},"author":6,"featured_media":0,"parent":1363,"menu_order":2,"comment_status":"closed","ping_status":"closed","template":"","meta":{"ngg_post_thumbnail":0},"_links":{"self":[{"href":"https:\/\/die-medien-produktion.de\/index.php?rest_route=\/wp\/v2\/pages\/1466"}],"collection":[{"href":"https:\/\/die-medien-produktion.de\/index.php?rest_route=\/wp\/v2\/pages"}],"about":[{"href":"https:\/\/die-medien-produktion.de\/index.php?rest_route=\/wp\/v2\/types\/page"}],"author":[{"embeddable":true,"href":"https:\/\/die-medien-produktion.de\/index.php?rest_route=\/wp\/v2\/users\/6"}],"replies":[{"embeddable":true,"href":"https:\/\/die-medien-produktion.de\/index.php?rest_route=%2Fwp%2Fv2%2Fcomments&post=1466"}],"version-history":[{"count":12,"href":"https:\/\/die-medien-produktion.de\/index.php?rest_route=\/wp\/v2\/pages\/1466\/revisions"}],"predecessor-version":[{"id":5861,"href":"https:\/\/die-medien-produktion.de\/index.php?rest_route=\/wp\/v2\/pages\/1466\/revisions\/5861"}],"up":[{"embeddable":true,"href":"https:\/\/die-medien-produktion.de\/index.php?rest_route=\/wp\/v2\/pages\/1363"}],"wp:attachment":[{"href":"https:\/\/die-medien-produktion.de\/index.php?rest_route=%2Fwp%2Fv2%2Fmedia&parent=1466"}],"curies":[{"name":"wp","href":"https:\/\/api.w.org\/{rel}","templated":true}]}}