{"id":163,"date":"2010-10-18T09:44:44","date_gmt":"2010-10-18T09:44:44","guid":{"rendered":"http:\/\/s663169591.online.de\/oberschule\/?page_id=163"},"modified":"2023-12-11T10:58:47","modified_gmt":"2023-12-11T10:58:47","slug":"schulkonfernez","status":"publish","type":"page","link":"https:\/\/die-medien-produktion.de\/?page_id=163","title":{"rendered":"Schulkonferenz"},"content":{"rendered":"<p><a href=\"http:\/\/s663169591.online.de\/oberschule\/wp-content\/uploads\/2010\/10\/IMG_6046.jpg\"><img loading=\"lazy\" class=\"size-full wp-image-512 alignnone\" title=\"IMG_6046\" src=\"http:\/\/s663169591.online.de\/oberschule\/wp-content\/uploads\/2010\/10\/IMG_6046.jpg\" alt=\"\" width=\"580\" height=\"249\" srcset=\"https:\/\/die-medien-produktion.de\/wp-content\/uploads\/2010\/10\/IMG_6046.jpg 580w, https:\/\/die-medien-produktion.de\/wp-content\/uploads\/2010\/10\/IMG_6046-300x128.jpg 300w\" sizes=\"(max-width: 580px) 100vw, 580px\" \/><\/a><\/p>\n<p>&nbsp;<\/p>\n<table style=\"height: 435px;\" border=\"0\" width=\"594\">\n<tbody>\n<tr>\n<td width=\"78\">&nbsp;<\/td>\n<td width=\"170\">&nbsp;<\/td>\n<td width=\"228\">&nbsp;<\/td>\n<td width=\"142\">&nbsp;<\/td>\n<td width=\"13\">&nbsp;<\/td>\n<\/tr>\n<tr>\n<td bgcolor=\"#acc862\">\n<div><span class=\"Stil3\"><strong>Elternrat<\/strong><\/span><\/div>\n<\/td>\n<td bgcolor=\"#acc862\">\n<div><span class=\"Stil4\">Elternratsvorsitzender<\/span><\/div>\n<\/td>\n<td bgcolor=\"#acc862\">\n<div><span class=\"Stil4\">Stellv. Elternratsvorsitzender<\/span><\/div>\n<\/td>\n<td bgcolor=\"#acc862\">\n<div><span class=\"Stil4\">Mitglieder<\/span><\/div>\n<\/td>\n<td>&nbsp;<\/td>\n<\/tr>\n<tr>\n<td bgcolor=\"#ffffff\">&nbsp;<\/td>\n<td bgcolor=\"#ffffff\">Herr Dietze<\/td>\n<td bgcolor=\"#ffffff\">Frau Grellmann<\/td>\n<td bgcolor=\"#ffffff\">Frau Moosche<\/td>\n<td>&nbsp;<\/td>\n<\/tr>\n<tr>\n<td bgcolor=\"#ffffff\">&nbsp;<\/td>\n<td bgcolor=\"#ffffff\">&nbsp;<\/td>\n<td bgcolor=\"#ffffff\">&nbsp;<\/td>\n<td bgcolor=\"#ffffff\">\n<div><span class=\"Stil4\">Herr Wachtel<\/span><\/div>\n<\/td>\n<td>&nbsp;<\/td>\n<\/tr>\n<tr>\n<td>&nbsp;<\/td>\n<td>&nbsp;<\/td>\n<td>&nbsp;<\/td>\n<td>&nbsp;<\/td>\n<td>&nbsp;<\/td>\n<\/tr>\n<tr>\n<td bgcolor=\"#acc862\">\n<div><span class=\"Stil4\"><strong>Sch\u00fclerrat<\/strong><\/span><\/div>\n<\/td>\n<td bgcolor=\"#acc862\">\n<div><span class=\"Stil4\">Sch\u00fclerratsvorsitzender<\/span><\/div>\n<\/td>\n<td bgcolor=\"#acc862\">\n<div><span class=\"Stil4\">Stellv. Sch\u00fclerratsvorsitzender<\/span><\/div>\n<\/td>\n<td bgcolor=\"#acc862\">\n<div><span class=\"Stil4\">Mitglieder<\/span><\/div>\n<\/td>\n<td>&nbsp;<\/td>\n<\/tr>\n<tr>\n<td bgcolor=\"#ffffff\">&nbsp;<\/td>\n<td bgcolor=\"#ffffff\">Laura H\u00f6\u00dfler<\/td>\n<td bgcolor=\"#ffffff\">Noura D\u00fcnkel<\/td>\n<td bgcolor=\"#ffffff\">Jonas Gayko<\/td>\n<td>&nbsp;<\/td>\n<\/tr>\n<tr>\n<td bgcolor=\"#ffffff\">&nbsp;<\/td>\n<td bgcolor=\"#ffffff\">&nbsp;<\/td>\n<td bgcolor=\"#ffffff\">&nbsp;<\/td>\n<td bgcolor=\"#ffffff\">Lina Vogel<\/td>\n<td>&nbsp;<\/td>\n<\/tr>\n<tr>\n<td>&nbsp;<\/td>\n<td>&nbsp;<\/td>\n<td bgcolor=\"#ffffff\">&nbsp;<\/td>\n<td>&nbsp;<\/td>\n<td>&nbsp;<\/td>\n<\/tr>\n<tr>\n<td bgcolor=\"#acc862\">\n<div><span class=\"Stil4\"><strong>Lehrerrat<\/strong><\/span><\/div>\n<\/td>\n<td bgcolor=\"#acc862\">\n<div>\n<div><span class=\"Stil4\">Mitglieder<\/span><\/div>\n<\/div>\n<\/td>\n<td bgcolor=\"#acc862\">&nbsp;<\/td>\n<td bgcolor=\"#acc862\">&nbsp;<\/td>\n<td>&nbsp;<\/td>\n<\/tr>\n<tr>\n<td bgcolor=\"#ffffff\">&nbsp;<\/td>\n<td bgcolor=\"#ffffff\">\n<div>\n<div><span class=\"Stil4\">Herr Grimmer<\/span><\/div>\n<\/div>\n<\/td>\n<td bgcolor=\"#ffffff\">Herr Ulm<\/td>\n<td bgcolor=\"#ffffff\">&nbsp;<\/td>\n<td>&nbsp;<\/td>\n<\/tr>\n<tr>\n<td bgcolor=\"#ffffff\">&nbsp;<\/td>\n<td bgcolor=\"#ffffff\"><span class=\"Stil4\">Frau Skibinski<\/span><\/td>\n<td bgcolor=\"#ffffff\">Frau Wendler<\/td>\n<td bgcolor=\"#ffffff\">&nbsp;<\/td>\n<td>&nbsp;<\/td>\n<\/tr>\n<tr>\n<td bgcolor=\"#acc862\">\n<div><span class=\"Stil4\"><strong>Schultr\u00e4ger<\/strong><\/span><\/div>\n<\/td>\n<td bgcolor=\"#acc862\">Mitglieder (bis zu 4)<\/td>\n<td bgcolor=\"#acc862\">&nbsp;<\/td>\n<td bgcolor=\"#acc862\">&nbsp;<\/td>\n<td>&nbsp;<\/td>\n<\/tr>\n<tr>\n<td bgcolor=\"#ffffff\">&nbsp;<\/td>\n<td bgcolor=\"#ffffff\">Frau Dr. Maas<\/td>\n<td bgcolor=\"#ffffff\">Frau Heimann<\/td>\n<td bgcolor=\"#ffffff\">&nbsp;<\/td>\n<td>&nbsp;<\/td>\n<\/tr>\n<\/tbody>\n<\/table>\n","protected":false},"excerpt":{"rendered":"<p>&nbsp; &nbsp; &nbsp; &nbsp; &nbsp; &nbsp; Elternrat Elternratsvorsitzender Stellv. Elternratsvorsitzender Mitglieder &nbsp; &nbsp; Herr Dietze Frau Grellmann Frau Moosche &nbsp; &nbsp; &nbsp; &nbsp; Herr Wachtel &nbsp; &nbsp; &nbsp; &nbsp; &nbsp; &nbsp; Sch\u00fclerrat Sch\u00fclerratsvorsitzender Stellv. Sch\u00fclerratsvorsitzender Mitglieder &nbsp; &nbsp; Laura H\u00f6\u00dfler Noura D\u00fcnkel Jonas Gayko &nbsp; &nbsp; &nbsp; &nbsp; Lina Vogel &nbsp; &nbsp; &nbsp; &nbsp; &nbsp; [&hellip;]<\/p>\n","protected":false},"author":7,"featured_media":0,"parent":150,"menu_order":5,"comment_status":"closed","ping_status":"closed","template":"","meta":{"ngg_post_thumbnail":0},"_links":{"self":[{"href":"https:\/\/die-medien-produktion.de\/index.php?rest_route=\/wp\/v2\/pages\/163"}],"collection":[{"href":"https:\/\/die-medien-produktion.de\/index.php?rest_route=\/wp\/v2\/pages"}],"about":[{"href":"https:\/\/die-medien-produktion.de\/index.php?rest_route=\/wp\/v2\/types\/page"}],"author":[{"embeddable":true,"href":"https:\/\/die-medien-produktion.de\/index.php?rest_route=\/wp\/v2\/users\/7"}],"replies":[{"embeddable":true,"href":"https:\/\/die-medien-produktion.de\/index.php?rest_route=%2Fwp%2Fv2%2Fcomments&post=163"}],"version-history":[{"count":37,"href":"https:\/\/die-medien-produktion.de\/index.php?rest_route=\/wp\/v2\/pages\/163\/revisions"}],"predecessor-version":[{"id":1101,"href":"https:\/\/die-medien-produktion.de\/index.php?rest_route=\/wp\/v2\/pages\/163\/revisions\/1101"}],"up":[{"embeddable":true,"href":"https:\/\/die-medien-produktion.de\/index.php?rest_route=\/wp\/v2\/pages\/150"}],"wp:attachment":[{"href":"https:\/\/die-medien-produktion.de\/index.php?rest_route=%2Fwp%2Fv2%2Fmedia&parent=163"}],"curies":[{"name":"wp","href":"https:\/\/api.w.org\/{rel}","templated":true}]}}