{"id":178,"date":"2010-10-18T09:48:55","date_gmt":"2010-10-18T09:48:55","guid":{"rendered":"http:\/\/s663169591.online.de\/oberschule\/?page_id=178"},"modified":"2021-01-22T07:55:17","modified_gmt":"2021-01-22T07:55:17","slug":"fachraume","status":"publish","type":"page","link":"https:\/\/die-medien-produktion.de\/?page_id=178","title":{"rendered":"Fachr\u00e4ume"},"content":{"rendered":"<p>Wir bieten in den F\u00e4chern, die eine besondere Ausstattung ben\u00f6tigen, Fachr\u00e4ume an.<br \/>\nDie Fachr\u00e4ume f\u00fcr Physik und Chemie\/Biologie bieten viele M\u00f6glichkeiten f\u00fcr Sch\u00fclerexperimente.<br \/>\nWeiterhin stehen ein gro\u00dfer Raum und ein als Arena gestalteter Innenhof f\u00fcr vielf\u00e4ltige musikalische und schauspielerische Aktivit\u00e4ten zur Verf\u00fcgung.<br \/>\nUnsere Kunst- und Technikr\u00e4ume bieten eine gute Ausstattung f\u00fcr produktives Arbeiten mit Werkzeug und Maschinen und lassen die Sch\u00fcler den kreativen und sicheren Umgang mit Materialien erlernen.<br \/>\nDer Computerraum bietet f\u00fcr jeden Sch\u00fcler einen Arbeitsplatz, um die digitale Welt entdecken zu k\u00f6nnen.<\/p>\n<p><strong>Folgende Fachr\u00e4ume sind in unserer Schule zu finden<\/strong>: Biologie\/Chemie, Physik, Informatik, Schulk\u00fcche, N\u00e4hzimmer, Technikraum, Werkenraum, Musik &amp; Aula, Kunst, Keramik<\/p>\n<!-- index.php -->\n<div\n\tclass=\"ngg-galleryoverview ngg-ajax-pagination-none\"\n\tid=\"ngg-gallery-5132fe266d920b99365407cd920f184d-1\">\n\n    \t\t<!-- Thumbnails -->\n\t\t\t\t<div id=\"ngg-image-0\" class=\"ngg-gallery-thumbnail-box\" >\n\t\t\t\t        <div class=\"ngg-gallery-thumbnail\">\n            <a href=\"https:\/\/die-medien-produktion.de\/wp-content\/gallery\/fachraume\/P1080610.JPG\"\n               title=\"\"\n               data-src=\"https:\/\/die-medien-produktion.de\/wp-content\/gallery\/fachraume\/P1080610.JPG\"\n               data-thumbnail=\"https:\/\/die-medien-produktion.de\/wp-content\/gallery\/fachraume\/thumbs\/thumbs_P1080610.JPG\"\n               data-image-id=\"1259\"\n               data-title=\"Die Schulk\u00fcche\"\n               data-description=\"\"\n               data-image-slug=\"p1080610\"\n               class=\"ngg-fancybox\" rel=\"5132fe266d920b99365407cd920f184d\">\n                <img\n                    title=\"Die Schulk\u00fcche\"\n                    alt=\"Die Schulk\u00fcche\"\n                    src=\"https:\/\/die-medien-produktion.de\/wp-content\/gallery\/fachraume\/thumbs\/thumbs_P1080610.JPG\"\n                    width=\"240\"\n                    height=\"160\"\n                    style=\"max-width:100%;\"\n                \/>\n            <\/a>\n        <\/div>\n\t\t\t\t\t\t\t<\/div> \n\t\t\t\n        \n\t\t\t\t<div id=\"ngg-image-1\" class=\"ngg-gallery-thumbnail-box\" >\n\t\t\t\t        <div class=\"ngg-gallery-thumbnail\">\n            <a href=\"https:\/\/die-medien-produktion.de\/wp-content\/gallery\/fachraume\/P1080609.JPG\"\n               title=\"\"\n               data-src=\"https:\/\/die-medien-produktion.de\/wp-content\/gallery\/fachraume\/P1080609.JPG\"\n               data-thumbnail=\"https:\/\/die-medien-produktion.de\/wp-content\/gallery\/fachraume\/thumbs\/thumbs_P1080609.JPG\"\n               data-image-id=\"1258\"\n               data-title=\"Der Speiseraum der Schulk\u00fcche\"\n               data-description=\"\"\n               data-image-slug=\"p1080609\"\n               class=\"ngg-fancybox\" rel=\"5132fe266d920b99365407cd920f184d\">\n                <img\n                    title=\"Der Speiseraum der Schulk\u00fcche\"\n                    alt=\"Der Speiseraum der Schulk\u00fcche\"\n                    src=\"https:\/\/die-medien-produktion.de\/wp-content\/gallery\/fachraume\/thumbs\/thumbs_P1080609.JPG\"\n                    width=\"240\"\n                    height=\"160\"\n                    style=\"max-width:100%;\"\n                \/>\n            <\/a>\n        <\/div>\n\t\t\t\t\t\t\t<\/div> \n\t\t\t\n        \n\t\t\t\t<div id=\"ngg-image-2\" class=\"ngg-gallery-thumbnail-box\" >\n\t\t\t\t        <div class=\"ngg-gallery-thumbnail\">\n            <a href=\"https:\/\/die-medien-produktion.de\/wp-content\/gallery\/fachraume\/info.jpg\"\n               title=\"\"\n               data-src=\"https:\/\/die-medien-produktion.de\/wp-content\/gallery\/fachraume\/info.jpg\"\n               data-thumbnail=\"https:\/\/die-medien-produktion.de\/wp-content\/gallery\/fachraume\/thumbs\/thumbs_info.jpg\"\n               data-image-id=\"80\"\n               data-title=\"Das Infokabinett\"\n               data-description=\"\"\n               data-image-slug=\"info\"\n               class=\"ngg-fancybox\" rel=\"5132fe266d920b99365407cd920f184d\">\n                <img\n                    title=\"Das Infokabinett\"\n                    alt=\"Das Infokabinett\"\n                    src=\"https:\/\/die-medien-produktion.de\/wp-content\/gallery\/fachraume\/thumbs\/thumbs_info.jpg\"\n                    width=\"90\"\n                    height=\"120\"\n                    style=\"max-width:100%;\"\n                \/>\n            <\/a>\n        <\/div>\n\t\t\t\t\t\t\t<\/div> \n\t\t\t\n        \n\t\t\t\t<div id=\"ngg-image-3\" class=\"ngg-gallery-thumbnail-box\" >\n\t\t\t\t        <div class=\"ngg-gallery-thumbnail\">\n            <a href=\"https:\/\/die-medien-produktion.de\/wp-content\/gallery\/fachraume\/kunst.jpg\"\n               title=\"\"\n               data-src=\"https:\/\/die-medien-produktion.de\/wp-content\/gallery\/fachraume\/kunst.jpg\"\n               data-thumbnail=\"https:\/\/die-medien-produktion.de\/wp-content\/gallery\/fachraume\/thumbs\/thumbs_kunst.jpg\"\n               data-image-id=\"82\"\n               data-title=\"Der Kunstraum\"\n               data-description=\"\"\n               data-image-slug=\"kunst\"\n               class=\"ngg-fancybox\" rel=\"5132fe266d920b99365407cd920f184d\">\n                <img\n                    title=\"Der Kunstraum\"\n                    alt=\"Der Kunstraum\"\n                    src=\"https:\/\/die-medien-produktion.de\/wp-content\/gallery\/fachraume\/thumbs\/thumbs_kunst.jpg\"\n                    width=\"205\"\n                    height=\"120\"\n                    style=\"max-width:100%;\"\n                \/>\n            <\/a>\n        <\/div>\n\t\t\t\t\t\t\t<\/div> \n\t\t\t\n        \n\t\t\t\t<div id=\"ngg-image-4\" class=\"ngg-gallery-thumbnail-box\" >\n\t\t\t\t        <div class=\"ngg-gallery-thumbnail\">\n            <a href=\"https:\/\/die-medien-produktion.de\/wp-content\/gallery\/fachraume\/nahzimmer.jpg\"\n               title=\"\"\n               data-src=\"https:\/\/die-medien-produktion.de\/wp-content\/gallery\/fachraume\/nahzimmer.jpg\"\n               data-thumbnail=\"https:\/\/die-medien-produktion.de\/wp-content\/gallery\/fachraume\/thumbs\/thumbs_nahzimmer.jpg\"\n               data-image-id=\"83\"\n               data-title=\"Das N\u00e4hzimmer\"\n               data-description=\"\"\n               data-image-slug=\"nahzimmer\"\n               class=\"ngg-fancybox\" rel=\"5132fe266d920b99365407cd920f184d\">\n                <img\n                    title=\"Das N\u00e4hzimmer\"\n                    alt=\"Das N\u00e4hzimmer\"\n                    src=\"https:\/\/die-medien-produktion.de\/wp-content\/gallery\/fachraume\/thumbs\/thumbs_nahzimmer.jpg\"\n                    width=\"204\"\n                    height=\"120\"\n                    style=\"max-width:100%;\"\n                \/>\n            <\/a>\n        <\/div>\n\t\t\t\t\t\t\t<\/div> \n\t\t\t\n        \n\t\t\t\t<div id=\"ngg-image-5\" class=\"ngg-gallery-thumbnail-box\" >\n\t\t\t\t        <div class=\"ngg-gallery-thumbnail\">\n            <a href=\"https:\/\/die-medien-produktion.de\/wp-content\/gallery\/fachraume\/schuleraula.jpg\"\n               title=\"\"\n               data-src=\"https:\/\/die-medien-produktion.de\/wp-content\/gallery\/fachraume\/schuleraula.jpg\"\n               data-thumbnail=\"https:\/\/die-medien-produktion.de\/wp-content\/gallery\/fachraume\/thumbs\/thumbs_schuleraula.jpg\"\n               data-image-id=\"84\"\n               data-title=\"Die Schulaula\"\n               data-description=\"\"\n               data-image-slug=\"schuleraula\"\n               class=\"ngg-fancybox\" rel=\"5132fe266d920b99365407cd920f184d\">\n                <img\n                    title=\"Die Schulaula\"\n                    alt=\"Die Schulaula\"\n                    src=\"https:\/\/die-medien-produktion.de\/wp-content\/gallery\/fachraume\/thumbs\/thumbs_schuleraula.jpg\"\n                    width=\"196\"\n                    height=\"120\"\n                    style=\"max-width:100%;\"\n                \/>\n            <\/a>\n        <\/div>\n\t\t\t\t\t\t\t<\/div> \n\t\t\t\n        \n\t\t\t\t<div id=\"ngg-image-6\" class=\"ngg-gallery-thumbnail-box\" >\n\t\t\t\t        <div class=\"ngg-gallery-thumbnail\">\n            <a href=\"https:\/\/die-medien-produktion.de\/wp-content\/gallery\/fachraume\/ch.jpg\"\n               title=\"\"\n               data-src=\"https:\/\/die-medien-produktion.de\/wp-content\/gallery\/fachraume\/ch.jpg\"\n               data-thumbnail=\"https:\/\/die-medien-produktion.de\/wp-content\/gallery\/fachraume\/thumbs\/thumbs_ch.jpg\"\n               data-image-id=\"79\"\n               data-title=\"Das Chemizimmer\"\n               data-description=\"\"\n               data-image-slug=\"ch\"\n               class=\"ngg-fancybox\" rel=\"5132fe266d920b99365407cd920f184d\">\n                <img\n                    title=\"Das Chemizimmer\"\n                    alt=\"Das Chemizimmer\"\n                    src=\"https:\/\/die-medien-produktion.de\/wp-content\/gallery\/fachraume\/thumbs\/thumbs_ch.jpg\"\n                    width=\"202\"\n                    height=\"120\"\n                    style=\"max-width:100%;\"\n                \/>\n            <\/a>\n        <\/div>\n\t\t\t\t\t\t\t<\/div> \n\t\t\t\n        \n\t\t\t\t<div id=\"ngg-image-7\" class=\"ngg-gallery-thumbnail-box\" >\n\t\t\t\t        <div class=\"ngg-gallery-thumbnail\">\n            <a href=\"https:\/\/die-medien-produktion.de\/wp-content\/gallery\/fachraume\/P1080608.jpg\"\n               title=\"\"\n               data-src=\"https:\/\/die-medien-produktion.de\/wp-content\/gallery\/fachraume\/P1080608.jpg\"\n               data-thumbnail=\"https:\/\/die-medien-produktion.de\/wp-content\/gallery\/fachraume\/thumbs\/thumbs_P1080608.jpg\"\n               data-image-id=\"1261\"\n               data-title=\"Das Biologie- und Chemiekabinett\"\n               data-description=\"\"\n               data-image-slug=\"p1080608-1\"\n               class=\"ngg-fancybox\" rel=\"5132fe266d920b99365407cd920f184d\">\n                <img\n                    title=\"Das Biologie- und Chemiekabinett\"\n                    alt=\"Das Biologie- und Chemiekabinett\"\n                    src=\"https:\/\/die-medien-produktion.de\/wp-content\/gallery\/fachraume\/thumbs\/thumbs_P1080608.jpg\"\n                    width=\"240\"\n                    height=\"160\"\n                    style=\"max-width:100%;\"\n                \/>\n            <\/a>\n        <\/div>\n\t\t\t\t\t\t\t<\/div> \n\t\t\t\n        \n\t\t\n\t\t<!-- Pagination -->\n\t<div class='ngg-clear'><\/div>\t<\/div>\n\n","protected":false},"excerpt":{"rendered":"<p>Wir bieten in den F\u00e4chern, die eine besondere Ausstattung ben\u00f6tigen, Fachr\u00e4ume an. Die Fachr\u00e4ume f\u00fcr Physik und Chemie\/Biologie bieten viele M\u00f6glichkeiten f\u00fcr Sch\u00fclerexperimente. Weiterhin stehen ein gro\u00dfer Raum und ein als Arena gestalteter Innenhof f\u00fcr vielf\u00e4ltige musikalische und schauspielerische Aktivit\u00e4ten zur Verf\u00fcgung. Unsere Kunst- und Technikr\u00e4ume bieten eine gute Ausstattung f\u00fcr produktives Arbeiten mit Werkzeug [&hellip;]<\/p>\n","protected":false},"author":7,"featured_media":0,"parent":26,"menu_order":24,"comment_status":"closed","ping_status":"closed","template":"","meta":{"ngg_post_thumbnail":0},"_links":{"self":[{"href":"https:\/\/die-medien-produktion.de\/index.php?rest_route=\/wp\/v2\/pages\/178"}],"collection":[{"href":"https:\/\/die-medien-produktion.de\/index.php?rest_route=\/wp\/v2\/pages"}],"about":[{"href":"https:\/\/die-medien-produktion.de\/index.php?rest_route=\/wp\/v2\/types\/page"}],"author":[{"embeddable":true,"href":"https:\/\/die-medien-produktion.de\/index.php?rest_route=\/wp\/v2\/users\/7"}],"replies":[{"embeddable":true,"href":"https:\/\/die-medien-produktion.de\/index.php?rest_route=%2Fwp%2Fv2%2Fcomments&post=178"}],"version-history":[{"count":25,"href":"https:\/\/die-medien-produktion.de\/index.php?rest_route=\/wp\/v2\/pages\/178\/revisions"}],"predecessor-version":[{"id":4244,"href":"https:\/\/die-medien-produktion.de\/index.php?rest_route=\/wp\/v2\/pages\/178\/revisions\/4244"}],"up":[{"embeddable":true,"href":"https:\/\/die-medien-produktion.de\/index.php?rest_route=\/wp\/v2\/pages\/26"}],"wp:attachment":[{"href":"https:\/\/die-medien-produktion.de\/index.php?rest_route=%2Fwp%2Fv2%2Fmedia&parent=178"}],"curies":[{"name":"wp","href":"https:\/\/api.w.org\/{rel}","templated":true}]}}