{"id":24,"date":"2010-06-15T08:53:49","date_gmt":"2010-06-15T08:53:49","guid":{"rendered":"http:\/\/s663169591.online.de\/oberschule\/?page_id=24"},"modified":"2023-09-25T13:18:26","modified_gmt":"2023-09-25T13:18:26","slug":"ganztagesangebot","status":"publish","type":"page","link":"https:\/\/die-medien-produktion.de\/?page_id=24","title":{"rendered":"Ganztagesangebot"},"content":{"rendered":"<p><img loading=\"lazy\" class=\"wp-image-2427 alignleft\" src=\"http:\/\/www.s663169591.online.de\/oberschule\/wp-content\/uploads\/2010\/06\/Signet2005_rgb-243x300.gif\" alt=\"\" width=\"79\" height=\"97\" srcset=\"https:\/\/die-medien-produktion.de\/wp-content\/uploads\/2010\/06\/Signet2005_rgb-243x300.gif 243w, https:\/\/die-medien-produktion.de\/wp-content\/uploads\/2010\/06\/Signet2005_rgb-768x949.gif 768w, https:\/\/die-medien-produktion.de\/wp-content\/uploads\/2010\/06\/Signet2005_rgb-829x1024.gif 829w\" sizes=\"(max-width: 79px) 100vw, 79px\" \/><\/p>\n<p>&nbsp;<\/p>\n<p>Diese Ma\u00dfnahme wird mitfinanziert durch Steuermittel auf der Grundlage des von den Abgeordneten des S\u00e4chsischen Landtags beschlossenen Haushaltes.<\/p>\n<p>&nbsp;<\/p>\n<p>&nbsp;<\/p>\n<p>&nbsp;<\/p>\n<h3>Unser Angebot f\u00fcr das Schuljahr 2023\/24<\/h3>\n<p>&nbsp;<\/p>\n<table width=\"0\">\n<tbody>\n<tr>\n<td width=\"193\">Dienstag &#8211; 8.\/9.Std.<\/p>\n<p>(14.00 \u2013 15.50 Uhr)<\/td>\n<td width=\"208\">Mittwoch &#8211; 8.\/9. Std.<\/p>\n<p>(14.00 \u2013 15.50 Uhr)<\/td>\n<td width=\"208\">Donnerstag &#8211; 8.Std.<br \/>\n(14.00 \u2013 14.50 Uhr)<\/td>\n<\/tr>\n<tr>\n<td width=\"193\">o&nbsp;&nbsp;&nbsp; Floorball<\/p>\n<p>o&nbsp;&nbsp;&nbsp; Laufen<\/p>\n<p>o&nbsp;&nbsp;&nbsp; Kochen<\/p>\n<p>o&nbsp;&nbsp;&nbsp; Geocaching<\/p>\n<p>o&nbsp;&nbsp;&nbsp; N\u00e4hen<\/td>\n<td width=\"208\">o&nbsp;&nbsp;&nbsp; Kreatives mit<br \/>\n&nbsp;&nbsp;&nbsp;&nbsp;&nbsp; Fae-Schmucko&nbsp;&nbsp;&nbsp; Holz digital<\/p>\n<p>o&nbsp;&nbsp;&nbsp; Tischtennis<\/p>\n<p>o&nbsp;&nbsp;&nbsp; Kochen<\/p>\n<p>o&nbsp;&nbsp;&nbsp; Volleyball ab<br \/>\n&nbsp;&nbsp; &nbsp;&nbsp; Kl. 8<\/p>\n<p>o&nbsp;&nbsp;&nbsp; Keramik<\/td>\n<td width=\"208\">&nbsp;<\/p>\n<p>o&nbsp;&nbsp;&nbsp; K\u00fcchenzauber<\/p>\n<p>o&nbsp;&nbsp;&nbsp; Technik<\/p>\n<p>o&nbsp;&nbsp;&nbsp; Kreativ<\/td>\n<\/tr>\n<\/tbody>\n<\/table>\n<p>&nbsp;<\/p>\n<p><a href=\"http:\/\/www.s663169591.online.de\/oberschule\/wp-content\/uploads\/2023\/09\/GTA-2023-scaled.jpg\"><img loading=\"lazy\" class=\"alignnone size-medium wp-image-6100\" src=\"http:\/\/www.s663169591.online.de\/oberschule\/wp-content\/uploads\/2023\/09\/GTA-2023-239x300.jpg\" alt=\"\" width=\"239\" height=\"300\" srcset=\"https:\/\/die-medien-produktion.de\/wp-content\/uploads\/2023\/09\/GTA-2023-239x300.jpg 239w, https:\/\/die-medien-produktion.de\/wp-content\/uploads\/2023\/09\/GTA-2023-815x1024.jpg 815w, https:\/\/die-medien-produktion.de\/wp-content\/uploads\/2023\/09\/GTA-2023-768x966.jpg 768w, https:\/\/die-medien-produktion.de\/wp-content\/uploads\/2023\/09\/GTA-2023-1222x1536.jpg 1222w, https:\/\/die-medien-produktion.de\/wp-content\/uploads\/2023\/09\/GTA-2023-1629x2048.jpg 1629w, https:\/\/die-medien-produktion.de\/wp-content\/uploads\/2023\/09\/GTA-2023-scaled.jpg 2036w\" sizes=\"(max-width: 239px) 100vw, 239px\" \/><\/a><\/p>\n","protected":false},"excerpt":{"rendered":"<p>&nbsp; Diese Ma\u00dfnahme wird mitfinanziert durch Steuermittel auf der Grundlage des von den Abgeordneten des S\u00e4chsischen Landtags beschlossenen Haushaltes. &nbsp; &nbsp; &nbsp; Unser Angebot f\u00fcr das Schuljahr 2023\/24 &nbsp; Dienstag &#8211; 8.\/9.Std. (14.00 \u2013 15.50 Uhr) Mittwoch &#8211; 8.\/9. Std. (14.00 \u2013 15.50 Uhr) Donnerstag &#8211; 8.Std. (14.00 \u2013 14.50 Uhr) o&nbsp;&nbsp;&nbsp; Floorball o&nbsp;&nbsp;&nbsp; Laufen [&hellip;]<\/p>\n","protected":false},"author":7,"featured_media":0,"parent":26,"menu_order":30,"comment_status":"closed","ping_status":"closed","template":"","meta":{"ngg_post_thumbnail":0},"_links":{"self":[{"href":"https:\/\/die-medien-produktion.de\/index.php?rest_route=\/wp\/v2\/pages\/24"}],"collection":[{"href":"https:\/\/die-medien-produktion.de\/index.php?rest_route=\/wp\/v2\/pages"}],"about":[{"href":"https:\/\/die-medien-produktion.de\/index.php?rest_route=\/wp\/v2\/types\/page"}],"author":[{"embeddable":true,"href":"https:\/\/die-medien-produktion.de\/index.php?rest_route=\/wp\/v2\/users\/7"}],"replies":[{"embeddable":true,"href":"https:\/\/die-medien-produktion.de\/index.php?rest_route=%2Fwp%2Fv2%2Fcomments&post=24"}],"version-history":[{"count":118,"href":"https:\/\/die-medien-produktion.de\/index.php?rest_route=\/wp\/v2\/pages\/24\/revisions"}],"predecessor-version":[{"id":6102,"href":"https:\/\/die-medien-produktion.de\/index.php?rest_route=\/wp\/v2\/pages\/24\/revisions\/6102"}],"up":[{"embeddable":true,"href":"https:\/\/die-medien-produktion.de\/index.php?rest_route=\/wp\/v2\/pages\/26"}],"wp:attachment":[{"href":"https:\/\/die-medien-produktion.de\/index.php?rest_route=%2Fwp%2Fv2%2Fmedia&parent=24"}],"curies":[{"name":"wp","href":"https:\/\/api.w.org\/{rel}","templated":true}]}}