{"id":2570,"date":"2017-08-22T05:41:33","date_gmt":"2017-08-22T05:41:33","guid":{"rendered":"http:\/\/www.s663169591.online.de\/oberschule\/?page_id=2570"},"modified":"2022-05-25T08:23:57","modified_gmt":"2022-05-25T08:23:57","slug":"kooperationspartner","status":"publish","type":"page","link":"https:\/\/die-medien-produktion.de\/?page_id=2570","title":{"rendered":"Kooperationspartner"},"content":{"rendered":"<h2>&nbsp;<\/h2>\n<h2>&nbsp;<\/h2>\n<h3 style=\"text-align: left;\"><strong>Als Kooperationspartner unterst\u00fctzen uns Betriebe, Unternehmen und Einrichtungen der Region:<\/strong><\/h3>\n<p>&nbsp;<\/p>\n<p>Agrarunternehmen Lommatzscher Pflege e. V.<\/p>\n<p>Ambulante Pflege DRK Elbe &#8211; R\u00f6der in Leuben<\/p>\n<p><a href=\"https:\/\/www.aokplus-schulberatung.de\/\" target=\"_blank\" rel=\"noopener noreferrer\">AOK PLUS &#8211; Die Gesundheitskasse f\u00fcr Sachsen und Th\u00fcringen<\/a><\/p>\n<p><a href=\"https:\/\/www.bam-gmbh.de\" target=\"_blank\" rel=\"noopener noreferrer\">bam GmbH Mei\u00dfen<\/a><\/p>\n<p>ELBTAL Tiefk\u00fchlkost FRoSTA AG &#8211; Lommatzsch<\/p>\n<p>K &amp; K K\u00fchne Sondermaschinen- und F\u00f6rderanlagenbau &#8211; Lommatzsch<\/p>\n<p>Lomma Sachsen GmbH &#8211; Lommatzsch<\/p>\n<p>Schollglas Technik Sachsen &#8211; Lommatzsch<\/p>\n<p>Sparkasse Mei\u00dfen<\/p>\n<p>JuCo Soziale Arbeit gGmbH &#8211; Coswig<\/p>\n<p>&nbsp;<\/p>\n<h3><a href=\"https:\/\/padlet.com\/OS_Praxisberater\/7z9w49b91jp5wkl0\" target=\"_blank\" rel=\"noopener\">hier geht es zu den Angeboten<\/a><\/h3>\n<p>(durch anklicken verlassen Sie unsere Seite)<\/p>\n<p>&nbsp;<\/p>\n<p>oder einfach den QR-Code scannen<\/p>\n<p><img loading=\"lazy\" class=\"qr-image\" src=\"https:\/\/assets.padletcdn.com\/padlets\/7z9w49b91jp5wkl0\/qr_code.png\" alt=\"QR-Code f\u00fcr dieses Padlet\" data-v-cbc06362=\"\" width=\"202\" height=\"202\"><\/p>\n","protected":false},"excerpt":{"rendered":"<p>&nbsp; &nbsp; Als Kooperationspartner unterst\u00fctzen uns Betriebe, Unternehmen und Einrichtungen der Region: &nbsp; Agrarunternehmen Lommatzscher Pflege e. V. Ambulante Pflege DRK Elbe &#8211; R\u00f6der in Leuben AOK PLUS &#8211; Die Gesundheitskasse f\u00fcr Sachsen und Th\u00fcringen bam GmbH Mei\u00dfen ELBTAL Tiefk\u00fchlkost FRoSTA AG &#8211; Lommatzsch K &amp; K K\u00fchne Sondermaschinen- und F\u00f6rderanlagenbau &#8211; Lommatzsch Lomma Sachsen [&hellip;]<\/p>\n","protected":false},"author":6,"featured_media":0,"parent":1290,"menu_order":3,"comment_status":"closed","ping_status":"closed","template":"","meta":{"ngg_post_thumbnail":0},"_links":{"self":[{"href":"https:\/\/die-medien-produktion.de\/index.php?rest_route=\/wp\/v2\/pages\/2570"}],"collection":[{"href":"https:\/\/die-medien-produktion.de\/index.php?rest_route=\/wp\/v2\/pages"}],"about":[{"href":"https:\/\/die-medien-produktion.de\/index.php?rest_route=\/wp\/v2\/types\/page"}],"author":[{"embeddable":true,"href":"https:\/\/die-medien-produktion.de\/index.php?rest_route=\/wp\/v2\/users\/6"}],"replies":[{"embeddable":true,"href":"https:\/\/die-medien-produktion.de\/index.php?rest_route=%2Fwp%2Fv2%2Fcomments&post=2570"}],"version-history":[{"count":14,"href":"https:\/\/die-medien-produktion.de\/index.php?rest_route=\/wp\/v2\/pages\/2570\/revisions"}],"predecessor-version":[{"id":5570,"href":"https:\/\/die-medien-produktion.de\/index.php?rest_route=\/wp\/v2\/pages\/2570\/revisions\/5570"}],"up":[{"embeddable":true,"href":"https:\/\/die-medien-produktion.de\/index.php?rest_route=\/wp\/v2\/pages\/1290"}],"wp:attachment":[{"href":"https:\/\/die-medien-produktion.de\/index.php?rest_route=%2Fwp%2Fv2%2Fmedia&parent=2570"}],"curies":[{"name":"wp","href":"https:\/\/api.w.org\/{rel}","templated":true}]}}