{"id":2581,"date":"2017-08-22T08:55:02","date_gmt":"2017-08-22T08:55:02","guid":{"rendered":"http:\/\/www.s663169591.online.de\/oberschule\/?page_id=2581"},"modified":"2023-10-17T07:04:00","modified_gmt":"2023-10-17T07:04:00","slug":"graffitiprojekte","status":"publish","type":"page","link":"https:\/\/die-medien-produktion.de\/?page_id=2581","title":{"rendered":"Graffitiworkshop mit Casom"},"content":{"rendered":"<p>Carsten Langner (Dipl. Designer) unter dem K\u00fcnstlernamen \u201eCasom\u201c bekannt, ist ein langj\u00e4hriger Kooperationspartner aus Radebeul. In jedem Schuljahr bietet er in Begleitung der Schulsozialarbeit f\u00fcr unsere Sch\u00fclerinnen und Sch\u00fcler interessante Workshops im fachlichen Graffitispr\u00fchen an. So haben sich bereits einige Schulabg\u00e4nger in und um das Schulhaus mit k\u00fcnstlerisch gestalteten Bildern verewigt und unsere Schule etwas bunter gemacht.<\/p>\n<!-- index.php -->\n<div\n\tclass=\"ngg-galleryoverview ngg-ajax-pagination-none\"\n\tid=\"ngg-gallery-0aabeac75529c7b656ec97d36f6653cb-1\">\n\n    \t\t<!-- Thumbnails -->\n\t\t\t\t<div id=\"ngg-image-0\" class=\"ngg-gallery-thumbnail-box\" >\n\t\t\t\t        <div class=\"ngg-gallery-thumbnail\">\n            <a href=\"https:\/\/die-medien-produktion.de\/wp-content\/gallery\/graffiti-2017\/Graffiti-1.JPG\"\n               title=\"\"\n               data-src=\"https:\/\/die-medien-produktion.de\/wp-content\/gallery\/graffiti-2017\/Graffiti-1.JPG\"\n               data-thumbnail=\"https:\/\/die-medien-produktion.de\/wp-content\/gallery\/graffiti-2017\/thumbs\/thumbs_Graffiti-1.JPG\"\n               data-image-id=\"1566\"\n               data-title=\"Graffiti-1\"\n               data-description=\"\"\n               data-image-slug=\"graffiti-1\"\n               class=\"ngg-fancybox\" rel=\"0aabeac75529c7b656ec97d36f6653cb\">\n                <img\n                    title=\"Graffiti-1\"\n                    alt=\"Graffiti-1\"\n                    src=\"https:\/\/die-medien-produktion.de\/wp-content\/gallery\/graffiti-2017\/thumbs\/thumbs_Graffiti-1.JPG\"\n                    width=\"240\"\n                    height=\"160\"\n                    style=\"max-width:100%;\"\n                \/>\n            <\/a>\n        <\/div>\n\t\t\t\t\t\t\t<\/div> \n\t\t\t\n        \n\t\t\t\t<div id=\"ngg-image-1\" class=\"ngg-gallery-thumbnail-box\" >\n\t\t\t\t        <div class=\"ngg-gallery-thumbnail\">\n            <a href=\"https:\/\/die-medien-produktion.de\/wp-content\/gallery\/graffiti-2017\/IMG_0872.JPG\"\n               title=\"\"\n               data-src=\"https:\/\/die-medien-produktion.de\/wp-content\/gallery\/graffiti-2017\/IMG_0872.JPG\"\n               data-thumbnail=\"https:\/\/die-medien-produktion.de\/wp-content\/gallery\/graffiti-2017\/thumbs\/thumbs_IMG_0872.JPG\"\n               data-image-id=\"1567\"\n               data-title=\"IMG_0872\"\n               data-description=\"\"\n               data-image-slug=\"img_0872\"\n               class=\"ngg-fancybox\" rel=\"0aabeac75529c7b656ec97d36f6653cb\">\n                <img\n                    title=\"IMG_0872\"\n                    alt=\"IMG_0872\"\n                    src=\"https:\/\/die-medien-produktion.de\/wp-content\/gallery\/graffiti-2017\/thumbs\/thumbs_IMG_0872.JPG\"\n                    width=\"240\"\n                    height=\"160\"\n                    style=\"max-width:100%;\"\n                \/>\n            <\/a>\n        <\/div>\n\t\t\t\t\t\t\t<\/div> \n\t\t\t\n        \n\t\t\t\t<div id=\"ngg-image-2\" class=\"ngg-gallery-thumbnail-box\" >\n\t\t\t\t        <div class=\"ngg-gallery-thumbnail\">\n            <a href=\"https:\/\/die-medien-produktion.de\/wp-content\/gallery\/graffiti-2017\/IMG_0878.JPG\"\n               title=\"\"\n               data-src=\"https:\/\/die-medien-produktion.de\/wp-content\/gallery\/graffiti-2017\/IMG_0878.JPG\"\n               data-thumbnail=\"https:\/\/die-medien-produktion.de\/wp-content\/gallery\/graffiti-2017\/thumbs\/thumbs_IMG_0878.JPG\"\n               data-image-id=\"1568\"\n               data-title=\"IMG_0878\"\n               data-description=\"\"\n               data-image-slug=\"img_0878\"\n               class=\"ngg-fancybox\" rel=\"0aabeac75529c7b656ec97d36f6653cb\">\n                <img\n                    title=\"IMG_0878\"\n                    alt=\"IMG_0878\"\n                    src=\"https:\/\/die-medien-produktion.de\/wp-content\/gallery\/graffiti-2017\/thumbs\/thumbs_IMG_0878.JPG\"\n                    width=\"240\"\n                    height=\"160\"\n                    style=\"max-width:100%;\"\n                \/>\n            <\/a>\n        <\/div>\n\t\t\t\t\t\t\t<\/div> \n\t\t\t\n        \n\t\t\n\t\t<!-- Pagination -->\n\t<div class='ngg-clear'><\/div>\t<\/div>\n\n","protected":false},"excerpt":{"rendered":"<p>Carsten Langner (Dipl. Designer) unter dem K\u00fcnstlernamen \u201eCasom\u201c bekannt, ist ein langj\u00e4hriger Kooperationspartner aus Radebeul. In jedem Schuljahr bietet er in Begleitung der Schulsozialarbeit f\u00fcr unsere Sch\u00fclerinnen und Sch\u00fcler interessante Workshops im fachlichen Graffitispr\u00fchen an. So haben sich bereits einige Schulabg\u00e4nger in und um das Schulhaus mit k\u00fcnstlerisch gestalteten Bildern verewigt und unsere Schule etwas [&hellip;]<\/p>\n","protected":false},"author":6,"featured_media":0,"parent":1363,"menu_order":6,"comment_status":"closed","ping_status":"closed","template":"","meta":{"ngg_post_thumbnail":0},"_links":{"self":[{"href":"https:\/\/die-medien-produktion.de\/index.php?rest_route=\/wp\/v2\/pages\/2581"}],"collection":[{"href":"https:\/\/die-medien-produktion.de\/index.php?rest_route=\/wp\/v2\/pages"}],"about":[{"href":"https:\/\/die-medien-produktion.de\/index.php?rest_route=\/wp\/v2\/types\/page"}],"author":[{"embeddable":true,"href":"https:\/\/die-medien-produktion.de\/index.php?rest_route=\/wp\/v2\/users\/6"}],"replies":[{"embeddable":true,"href":"https:\/\/die-medien-produktion.de\/index.php?rest_route=%2Fwp%2Fv2%2Fcomments&post=2581"}],"version-history":[{"count":8,"href":"https:\/\/die-medien-produktion.de\/index.php?rest_route=\/wp\/v2\/pages\/2581\/revisions"}],"predecessor-version":[{"id":6140,"href":"https:\/\/die-medien-produktion.de\/index.php?rest_route=\/wp\/v2\/pages\/2581\/revisions\/6140"}],"up":[{"embeddable":true,"href":"https:\/\/die-medien-produktion.de\/index.php?rest_route=\/wp\/v2\/pages\/1363"}],"wp:attachment":[{"href":"https:\/\/die-medien-produktion.de\/index.php?rest_route=%2Fwp%2Fv2%2Fmedia&parent=2581"}],"curies":[{"name":"wp","href":"https:\/\/api.w.org\/{rel}","templated":true}]}}