{"id":2584,"date":"2017-08-22T08:56:46","date_gmt":"2017-08-22T08:56:46","guid":{"rendered":"http:\/\/www.s663169591.online.de\/oberschule\/?page_id=2584"},"modified":"2023-03-14T06:27:17","modified_gmt":"2023-03-14T06:27:17","slug":"streitschlichter","status":"publish","type":"page","link":"https:\/\/die-medien-produktion.de\/?page_id=2584","title":{"rendered":"Streitschlichterausbildung hier an der Schule"},"content":{"rendered":"<p>Einmal j\u00e4hrlich findet in den Ferien an unserer Oberschule ein dreit\u00e4giger Workshop f\u00fcr eine Grundausbildung als Sch\u00fclerstreitschlichter statt. Unter Anleitung unserer Schulsozialp\u00e4dagogin erlernen Sch\u00fclerinnen und Sch\u00fcler die einzelnen Phasen einer vermittelnden und wertsch\u00e4tzenden Gespr\u00e4chsf\u00fchrung. Am Ende der Workshoptage wird eine praktische Pr\u00fcfung absolviert,<\/p>\n<p>In den letzten Jahren haben bereits weit mehr als 20 Sch\u00fclerinnen und Sch\u00fcler diese Ausbildung absolviert. Die Ergebnisse tragen dazu bei, ein positives Schulklima f\u00fcr alle zu erhalten (Sch\u00fcler f\u00fcr Sch\u00fcler). F\u00fcr die Teilnehmenden selbst vermittelt und f\u00f6rdert die Ausbildung hohe soziale Kompetenzen und st\u00e4rkt somit die eigene Pers\u00f6nlichkeit.<\/p>\n<!-- index.php -->\n<div\n\tclass=\"ngg-galleryoverview ngg-ajax-pagination-none\"\n\tid=\"ngg-gallery-544ac6daa12905c064fcf7b379e3ad50-1\">\n\n    \t\t<!-- Thumbnails -->\n\t\t\t\t<div id=\"ngg-image-0\" class=\"ngg-gallery-thumbnail-box\" >\n\t\t\t\t        <div class=\"ngg-gallery-thumbnail\">\n            <a href=\"https:\/\/die-medien-produktion.de\/wp-content\/gallery\/2017-streitschlichter\/20220323_145523.jpg\"\n               title=\"\"\n               data-src=\"https:\/\/die-medien-produktion.de\/wp-content\/gallery\/2017-streitschlichter\/20220323_145523.jpg\"\n               data-thumbnail=\"https:\/\/die-medien-produktion.de\/wp-content\/gallery\/2017-streitschlichter\/thumbs\/thumbs_20220323_145523.jpg\"\n               data-image-id=\"1569\"\n               data-title=\"20220323_145523\"\n               data-description=\"\"\n               data-image-slug=\"20220323_145523\"\n               class=\"ngg-fancybox\" rel=\"544ac6daa12905c064fcf7b379e3ad50\">\n                <img\n                    title=\"20220323_145523\"\n                    alt=\"20220323_145523\"\n                    src=\"https:\/\/die-medien-produktion.de\/wp-content\/gallery\/2017-streitschlichter\/thumbs\/thumbs_20220323_145523.jpg\"\n                    width=\"240\"\n                    height=\"160\"\n                    style=\"max-width:100%;\"\n                \/>\n            <\/a>\n        <\/div>\n\t\t\t\t\t\t\t<\/div> \n\t\t\t\n        \n\t\t\t\t<div id=\"ngg-image-1\" class=\"ngg-gallery-thumbnail-box\" >\n\t\t\t\t        <div class=\"ngg-gallery-thumbnail\">\n            <a href=\"https:\/\/die-medien-produktion.de\/wp-content\/gallery\/2017-streitschlichter\/20221019_150929.jpg\"\n               title=\"\"\n               data-src=\"https:\/\/die-medien-produktion.de\/wp-content\/gallery\/2017-streitschlichter\/20221019_150929.jpg\"\n               data-thumbnail=\"https:\/\/die-medien-produktion.de\/wp-content\/gallery\/2017-streitschlichter\/thumbs\/thumbs_20221019_150929.jpg\"\n               data-image-id=\"1570\"\n               data-title=\"20221019_150929\"\n               data-description=\"\"\n               data-image-slug=\"20221019_150929\"\n               class=\"ngg-fancybox\" rel=\"544ac6daa12905c064fcf7b379e3ad50\">\n                <img\n                    title=\"20221019_150929\"\n                    alt=\"20221019_150929\"\n                    src=\"https:\/\/die-medien-produktion.de\/wp-content\/gallery\/2017-streitschlichter\/thumbs\/thumbs_20221019_150929.jpg\"\n                    width=\"240\"\n                    height=\"160\"\n                    style=\"max-width:100%;\"\n                \/>\n            <\/a>\n        <\/div>\n\t\t\t\t\t\t\t<\/div> \n\t\t\t\n        \n\t\t\t\t<div id=\"ngg-image-2\" class=\"ngg-gallery-thumbnail-box\" >\n\t\t\t\t        <div class=\"ngg-gallery-thumbnail\">\n            <a href=\"https:\/\/die-medien-produktion.de\/wp-content\/gallery\/2017-streitschlichter\/P1160713.JPG\"\n               title=\"\"\n               data-src=\"https:\/\/die-medien-produktion.de\/wp-content\/gallery\/2017-streitschlichter\/P1160713.JPG\"\n               data-thumbnail=\"https:\/\/die-medien-produktion.de\/wp-content\/gallery\/2017-streitschlichter\/thumbs\/thumbs_P1160713.JPG\"\n               data-image-id=\"1571\"\n               data-title=\"P1160713\"\n               data-description=\"\"\n               data-image-slug=\"p1160713\"\n               class=\"ngg-fancybox\" rel=\"544ac6daa12905c064fcf7b379e3ad50\">\n                <img\n                    title=\"P1160713\"\n                    alt=\"P1160713\"\n                    src=\"https:\/\/die-medien-produktion.de\/wp-content\/gallery\/2017-streitschlichter\/thumbs\/thumbs_P1160713.JPG\"\n                    width=\"240\"\n                    height=\"160\"\n                    style=\"max-width:100%;\"\n                \/>\n            <\/a>\n        <\/div>\n\t\t\t\t\t\t\t<\/div> \n\t\t\t\n        \n\t\t\n\t\t<!-- Pagination -->\n\t<div class='ngg-clear'><\/div>\t<\/div>\n\n","protected":false},"excerpt":{"rendered":"<p>Einmal j\u00e4hrlich findet in den Ferien an unserer Oberschule ein dreit\u00e4giger Workshop f\u00fcr eine Grundausbildung als Sch\u00fclerstreitschlichter statt. Unter Anleitung unserer Schulsozialp\u00e4dagogin erlernen Sch\u00fclerinnen und Sch\u00fcler die einzelnen Phasen einer vermittelnden und wertsch\u00e4tzenden Gespr\u00e4chsf\u00fchrung. Am Ende der Workshoptage wird eine praktische Pr\u00fcfung absolviert, In den letzten Jahren haben bereits weit mehr als 20 Sch\u00fclerinnen und [&hellip;]<\/p>\n","protected":false},"author":6,"featured_media":0,"parent":1363,"menu_order":5,"comment_status":"closed","ping_status":"closed","template":"","meta":{"ngg_post_thumbnail":0},"_links":{"self":[{"href":"https:\/\/die-medien-produktion.de\/index.php?rest_route=\/wp\/v2\/pages\/2584"}],"collection":[{"href":"https:\/\/die-medien-produktion.de\/index.php?rest_route=\/wp\/v2\/pages"}],"about":[{"href":"https:\/\/die-medien-produktion.de\/index.php?rest_route=\/wp\/v2\/types\/page"}],"author":[{"embeddable":true,"href":"https:\/\/die-medien-produktion.de\/index.php?rest_route=\/wp\/v2\/users\/6"}],"replies":[{"embeddable":true,"href":"https:\/\/die-medien-produktion.de\/index.php?rest_route=%2Fwp%2Fv2%2Fcomments&post=2584"}],"version-history":[{"count":8,"href":"https:\/\/die-medien-produktion.de\/index.php?rest_route=\/wp\/v2\/pages\/2584\/revisions"}],"predecessor-version":[{"id":5921,"href":"https:\/\/die-medien-produktion.de\/index.php?rest_route=\/wp\/v2\/pages\/2584\/revisions\/5921"}],"up":[{"embeddable":true,"href":"https:\/\/die-medien-produktion.de\/index.php?rest_route=\/wp\/v2\/pages\/1363"}],"wp:attachment":[{"href":"https:\/\/die-medien-produktion.de\/index.php?rest_route=%2Fwp%2Fv2%2Fmedia&parent=2584"}],"curies":[{"name":"wp","href":"https:\/\/api.w.org\/{rel}","templated":true}]}}