{"id":2687,"date":"2017-08-29T14:02:04","date_gmt":"2017-08-29T14:02:04","guid":{"rendered":"http:\/\/www.s663169591.online.de\/oberschule\/?page_id=2687"},"modified":"2023-04-03T10:07:29","modified_gmt":"2023-04-03T10:07:29","slug":"schulfoerderverein","status":"publish","type":"page","link":"https:\/\/die-medien-produktion.de\/?page_id=2687","title":{"rendered":"Schulf\u00f6rderverein"},"content":{"rendered":"<h3>&nbsp;<\/h3>\n<h1>&nbsp;<\/h1>\n<h1>Aufruf des Schulvereins<\/h1>\n<p>Ende M\u00e4rz\/ Anfang April diesen Jahres wollen &nbsp;wir die Tradition unseres Spendenlaufes wieder aufleben lassen. Beteiligen werden sich die Sch\u00fclerinnen und Sch\u00fcler der Oberschule unter dem Motto \u201eBewegung macht Spa\u00df\u201c.<\/p>\n<p>Klassenfahrten, gemeinsame Klassenveranstaltungen und Exkursionen sind mittlerweile eine ziemlich teure Angelegenheit, wo sie doch vor allem auch das Zusammenwachsen und den Zusammenhalt in den Klassen unterst\u00fctzen sollen. So sehen wir den Spendenlauf als eine gute Gelegenheit, in den Klassen Teamgeist weiter zu entwickeln, sich zu beweisen und gleichzeitig sportlich zu bet\u00e4tigen beim &nbsp;Laufen um Geld f\u00fcr das Klassenkonto. Dieses Geld soll&nbsp; gemeinsamen Unternehmungen zugutekommen.<\/p>\n<p>Woher kommt nun das Geld, um das die Sch\u00fclerinnen und Sch\u00fcler laufen? Wir brauchen ein \u201eSpendenlaufkonto\u201c.&nbsp; Wie soll dieses Konto gef\u00fcllt werden? Da kommen jetzt Sie, liebe Leserinnen und Leser ins Spiel. Wir bitten alle Handwerker, Gewerbetreibenden und Firmen\/ Betriebe unserer Stadt und Umgebung um Spenden auf das Konto des Schulvereins; aber auch jeder kleine Betrag von Einzelpersonen oder Familien ist willkommen.<\/p>\n<p>&nbsp;<\/p>\n<p>Kontoverbindung<\/p>\n<p>Empf\u00e4nger: Schulverein der Schulen in Lommatzsch e.V.&nbsp;&nbsp;&nbsp;&nbsp;&nbsp;&nbsp;&nbsp;&nbsp;&nbsp;&nbsp;&nbsp;&nbsp;&nbsp;&nbsp;&nbsp;&nbsp;&nbsp;&nbsp;&nbsp;&nbsp;&nbsp;&nbsp;&nbsp;&nbsp;&nbsp;&nbsp;&nbsp;&nbsp;&nbsp;&nbsp;&nbsp;&nbsp;&nbsp;&nbsp;&nbsp;&nbsp;&nbsp;&nbsp;&nbsp;&nbsp;&nbsp;&nbsp;&nbsp;&nbsp;&nbsp;&nbsp;&nbsp;&nbsp; &nbsp;&nbsp;&nbsp;&nbsp;&nbsp;&nbsp;&nbsp;&nbsp;&nbsp;&nbsp;&nbsp;&nbsp;&nbsp;&nbsp;&nbsp;&nbsp;&nbsp;&nbsp;&nbsp;&nbsp;&nbsp;&nbsp;&nbsp;&nbsp;&nbsp;&nbsp;&nbsp;&nbsp;&nbsp;&nbsp;&nbsp;&nbsp;&nbsp;&nbsp;&nbsp;&nbsp;&nbsp;&nbsp;&nbsp;&nbsp;&nbsp;<\/p>\n<p>IBAN: DE69 8505 5000 0500 1299 67&nbsp;&nbsp; Sparkasse Mei\u00dfen&nbsp;&nbsp;&nbsp;&nbsp;&nbsp;&nbsp;&nbsp;&nbsp;&nbsp;&nbsp;&nbsp;&nbsp;&nbsp;&nbsp;&nbsp;&nbsp;&nbsp;&nbsp;&nbsp;&nbsp;&nbsp;&nbsp;&nbsp;&nbsp;&nbsp;&nbsp;&nbsp;&nbsp;&nbsp;&nbsp;&nbsp;&nbsp;&nbsp;&nbsp;&nbsp;&nbsp;&nbsp;&nbsp;&nbsp;&nbsp;&nbsp;&nbsp;&nbsp;&nbsp;&nbsp;&nbsp;&nbsp;&nbsp;&nbsp;&nbsp;&nbsp;&nbsp;&nbsp;&nbsp;&nbsp;&nbsp;&nbsp;&nbsp;&nbsp;&nbsp;&nbsp;&nbsp;&nbsp;&nbsp;&nbsp;&nbsp;&nbsp;&nbsp;&nbsp;&nbsp;&nbsp;&nbsp;&nbsp;&nbsp;&nbsp;&nbsp;&nbsp;&nbsp;&nbsp;&nbsp;&nbsp;&nbsp;<\/p>\n<p>Verwendungszweck: Name des Spenders, Spendenlauf 2023<\/p>\n<p>&nbsp;<\/p>\n<p>Durch den Schulverein erh\u00e4lt jeder Spender eine Zuwendungsbest\u00e4tigung (Spendenquittung). Wir freuen uns auf rege Spendent\u00e4tigkeit und die damit verbundene Unterst\u00fctzung unseres Vorhabens.<\/p>\n<p>Schulverein der Schulen in Lommatzsch e.V.<\/p>\n<p>Michael Pfeffer<\/p>\n<p>&nbsp;<\/p>\n<h3>Hier geht zum Programm <a href=\"http:\/\/www.s663169591.online.de\/oberschule\/wp-content\/uploads\/2023\/04\/Schulengel.pdf\">Schulengel.de<\/a><\/h3>\n<p>&nbsp;<\/p>\n<h2><strong>Informationen zum Jahr 2022<\/strong><\/h2>\n<p>Im Berichtszeitraum 2022 hatte der Schulverein 59 Mitglieder. Davon 49 Einzelpersonen und 10 Firmen. Auf Grund der Corona-Situation war auch im vergangenen Jahr das Vereinsleben stark eingeschr\u00e4nkt. Zur erstmalig ausgetragenen Lommpiade hat Herr Pfeffer, Vorstandsvorsitzender, den Verein vertreten und vorgestellt.<\/p>\n<p>Die Mitgliederversammlung und Wahl des Vereinsvorstandes fand am 31.03.22 in der Oberschule Lommatzscher Pflege statt.<\/p>\n<p>Der Vorstand:&nbsp;&nbsp;<\/p>\n<p>Vorsitz: Herr Michael Pfeffer<\/p>\n<p>Stellvertreterin: Frau Sylke Becker<\/p>\n<p>Kassenwart: Frau Marion Neumeister<\/p>\n<p>Schriftf\u00fchrerin: Frau Franziska Grande-Dzingel<\/p>\n<p>&nbsp;<\/p>\n<p>Folgende Projekte konnten im letzten Jahr realisiert werden:<\/p>\n<p>Theaterfahrt nach Moritzburg \u201eAschenbr\u00f6del&#8220; f\u00fcr die Grundschule, Anschaffung eines Schleppnetzes f\u00fcr die Sportpl\u00e4tze der beiden Schulen. Finanzierung von Gutscheinen f\u00fcr Sch\u00fclerjobs an der Oberschule sowie die Pr\u00e4mierung der besten Leistungen zum Schuljahresende. Fahrt der 9. Klassen nach Theresienstadt. Unterst\u00fctzung der Finanzierung des Projektes \u201eWeltenbummler\u201c der Klassen 5 der OS.<\/p>\n<p>Mit Hilfe der \u201eLesbar&#8220; wurden Flyer des Schulvereins mit den Zuckert\u00fcten f\u00fcr die Erstkl\u00e4ssler wie in den letzten Jahren verteilt. Auf Anregung des Vereinsmitgliedes Frau Heidrich, wurde der Schulverein auf der Sponsoring\u00ad Plattform \u201eSchulengel\u201c angemeldet, so dass Einnahmen durch Online-Eink\u00e4ufe \u00fcber diese Plattform dem Verein gutschrieben werden k\u00f6nnen. F\u00fcr alle, die unseren Verein unterst\u00fctzen wollen, hier die E-Mail Adresse: www.schulengel.de Sie w\u00e4hlen, Helfen ohne Login\u2018 und die Einrichtung aus: Schulverein der Schulen in Lommatzsch e.V.<\/p>\n<p>Schauen Sie einmal rein und informieren Sie sich.<\/p>\n<p>Wir w\u00fcnschen allen ein gutes Jahr 2023<\/p>\n<p>&nbsp;<\/p>\n<h3>&nbsp;<\/h3>\n<h3><strong>Das w\u00e4re doch toll, k\u00f6nnten wir Sie als Mitglied begr\u00fc\u00dfen \u2026<\/strong><\/h3>\n<p>&nbsp;<\/p>\n<p>Mit einem F\u00f6rderverein kann eine Schule in Zeiten immer knapper werdender \u00f6ffentlicher Budgets eine echte Unterst\u00fctzung in finanziellen und organisatorischen Fragen erfahren. Dies beinhaltet die materielle, ideelle und personelle Unterst\u00fctzung, insbesondere durch die Anschaffung von Lehr- und Lernmitteln, die Erg\u00e4nzung der Schulausstattung, die F\u00f6rderung und Ausgestaltung von Projekten u. \u00e4.<\/p>\n<p>&nbsp;<\/p>\n<p>Mit diesem Hintergrund wurde <strong>2006<\/strong> der <strong>Schulverein der Schulen in Lommatzsch<\/strong> gegr\u00fcndet. Unser Verein ist im Vereinsregister beim <strong>Amtsgericht Mei\u00dfen<\/strong> eingetragen, vom Finanzamt als gemeinn\u00fctzig anerkannt und hat derzeit ca. <strong>28 Mitglieder<\/strong>. Vereinsanliegen ist es, die Schulen bei Veranstaltungen, Projekten, Exkursionen, der Anschaffung oder Erg\u00e4nzung von Ger\u00e4ten und Lehrmitteln zu unterst\u00fctzen. Dies wird ausschlie\u00dflich von Mitgliedsbeitr\u00e4gen und Spenden getragen.<\/p>\n<p>H\u00f6hepunkte in den letzten Jahren waren zum Beispiel:<\/p>\n<p>\u2022&nbsp;&nbsp;&nbsp;&nbsp;&nbsp;&nbsp;&nbsp;&nbsp;&nbsp;&nbsp;&nbsp;&nbsp; 150-Jahrfeier der Grundschule Lommatzsch<\/p>\n<p>\u2022&nbsp;&nbsp;&nbsp;&nbsp;&nbsp;&nbsp;&nbsp;&nbsp;&nbsp;&nbsp;&nbsp;&nbsp; 40-Jahrfeier der Oberschule Lommatzscher Pflege<\/p>\n<p>\u2022&nbsp;&nbsp;&nbsp;&nbsp;&nbsp;&nbsp;&nbsp;&nbsp;&nbsp;&nbsp;&nbsp;&nbsp; Finanzielle Unterst\u00fctzung zur Gestaltung des Schulhauses und des Schulhofes<\/p>\n<p>\u2022&nbsp;&nbsp;&nbsp;&nbsp;&nbsp;&nbsp;&nbsp;&nbsp;&nbsp;&nbsp;&nbsp;&nbsp; Computerkabinett mit Notebooks ausgestattet<\/p>\n<p>\u2022&nbsp;&nbsp;&nbsp;&nbsp;&nbsp;&nbsp;&nbsp;&nbsp;&nbsp;&nbsp;&nbsp;&nbsp; Unterst\u00fctzung des Weihnachtsm\u00e4rchens der Grundschule<\/p>\n<p>\u2022&nbsp;&nbsp;&nbsp;&nbsp;&nbsp;&nbsp;&nbsp;&nbsp;&nbsp;&nbsp;&nbsp;&nbsp; honorieren der selbstgestalteten Beitr\u00e4ge in der Talente Show \u201eSo ein Zirkus im Zirkus\u201c und<\/p>\n<p>\u2022&nbsp;&nbsp;&nbsp;&nbsp;&nbsp;&nbsp;&nbsp;&nbsp;&nbsp;&nbsp;&nbsp;&nbsp; w\u00fcrdigen besonderer Leistungen von Sch\u00fclern Bsp. Spendenlauf<!-- index.php -->\n<div\n\tclass=\"ngg-galleryoverview ngg-ajax-pagination-none\"\n\tid=\"ngg-gallery-67b587f0886f4a8c01246e785c224e6e-1\">\n\n    \t\t<!-- Thumbnails -->\n\t\t\t\t<div id=\"ngg-image-0\" class=\"ngg-gallery-thumbnail-box\" >\n\t\t\t\t        <div class=\"ngg-gallery-thumbnail\">\n            <a href=\"https:\/\/die-medien-produktion.de\/wp-content\/gallery\/19_08_2016\/fv1.jpg\"\n               title=\"\"\n               data-src=\"https:\/\/die-medien-produktion.de\/wp-content\/gallery\/19_08_2016\/fv1.jpg\"\n               data-thumbnail=\"https:\/\/die-medien-produktion.de\/wp-content\/gallery\/19_08_2016\/thumbs\/thumbs_fv1.jpg\"\n               data-image-id=\"226\"\n               data-title=\"fv1\"\n               data-description=\"\"\n               data-image-slug=\"fv1\"\n               class=\"ngg-fancybox\" rel=\"67b587f0886f4a8c01246e785c224e6e\">\n                <img\n                    title=\"fv1\"\n                    alt=\"fv1\"\n                    src=\"https:\/\/die-medien-produktion.de\/wp-content\/gallery\/19_08_2016\/thumbs\/thumbs_fv1.jpg\"\n                    width=\"160\"\n                    height=\"91\"\n                    style=\"max-width:100%;\"\n                \/>\n            <\/a>\n        <\/div>\n\t\t\t\t\t\t\t<\/div> \n\t\t\t\n        \n\t\t\t\t<div id=\"ngg-image-1\" class=\"ngg-gallery-thumbnail-box\" >\n\t\t\t\t        <div class=\"ngg-gallery-thumbnail\">\n            <a href=\"https:\/\/die-medien-produktion.de\/wp-content\/gallery\/19_08_2016\/fv2.jpg\"\n               title=\"\"\n               data-src=\"https:\/\/die-medien-produktion.de\/wp-content\/gallery\/19_08_2016\/fv2.jpg\"\n               data-thumbnail=\"https:\/\/die-medien-produktion.de\/wp-content\/gallery\/19_08_2016\/thumbs\/thumbs_fv2.jpg\"\n               data-image-id=\"227\"\n               data-title=\"fv2\"\n               data-description=\"\"\n               data-image-slug=\"fv2\"\n               class=\"ngg-fancybox\" rel=\"67b587f0886f4a8c01246e785c224e6e\">\n                <img\n                    title=\"fv2\"\n                    alt=\"fv2\"\n                    src=\"https:\/\/die-medien-produktion.de\/wp-content\/gallery\/19_08_2016\/thumbs\/thumbs_fv2.jpg\"\n                    width=\"160\"\n                    height=\"108\"\n                    style=\"max-width:100%;\"\n                \/>\n            <\/a>\n        <\/div>\n\t\t\t\t\t\t\t<\/div> \n\t\t\t\n        \n\t\t\t\t<div id=\"ngg-image-2\" class=\"ngg-gallery-thumbnail-box\" >\n\t\t\t\t        <div class=\"ngg-gallery-thumbnail\">\n            <a href=\"https:\/\/die-medien-produktion.de\/wp-content\/gallery\/19_08_2016\/fv3.jpg\"\n               title=\"\"\n               data-src=\"https:\/\/die-medien-produktion.de\/wp-content\/gallery\/19_08_2016\/fv3.jpg\"\n               data-thumbnail=\"https:\/\/die-medien-produktion.de\/wp-content\/gallery\/19_08_2016\/thumbs\/thumbs_fv3.jpg\"\n               data-image-id=\"228\"\n               data-title=\"fv3\"\n               data-description=\"\"\n               data-image-slug=\"fv3\"\n               class=\"ngg-fancybox\" rel=\"67b587f0886f4a8c01246e785c224e6e\">\n                <img\n                    title=\"fv3\"\n                    alt=\"fv3\"\n                    src=\"https:\/\/die-medien-produktion.de\/wp-content\/gallery\/19_08_2016\/thumbs\/thumbs_fv3.jpg\"\n                    width=\"160\"\n                    height=\"188\"\n                    style=\"max-width:100%;\"\n                \/>\n            <\/a>\n        <\/div>\n\t\t\t\t\t\t\t<\/div> \n\t\t\t\n        \n\t\t\n\t\t<!-- Pagination -->\n\t<div class='ngg-clear'><\/div>\t<\/div>\n<\/p>\n<p>Unsere Vereinsarbeit erm\u00f6glicht die Unterst\u00fctzung und F\u00f6rderung der Institution Schule als Ganzes und bringt Gemeinn\u00fctzigkeit in Bewegung. Initiative ist wichtig, denn der Erhalt und Fortbestand eines F\u00f6rdervereins bedarf vieler kleiner und gro\u00dfer Schritte, sollte nicht an Bedeutung verlieren und ist zeitgem\u00e4\u00df unerl\u00e4sslich. <strong>Doch nur gemeinsam und mit Ihrer Hilfe k\u00f6nnen wir Vereinsarbeit leisten. Werden Sie Mitglied und unterst\u00fctzen Sie auch so die Arbeit f\u00fcr unsere Kinder! Jeder Euro, den Sie spenden, kommt auch Ihrem Kind zugute.<\/strong><\/p>\n<p>Deshalb sollten Sie dem F\u00f6rderverein beitreten. Unser Mitgliedsbeitrag betr\u00e4gt z. Z.<\/p>\n<p><strong>12,00 \u20ac \/ Jahr<\/strong> f\u00fcr Einzelmitglieder \/ Erwachsene und<\/p>\n<p><strong>24,00 \u20ac \/ Jahr<\/strong> f\u00fcr Unternehmen und sonstige Einrichtungen.<\/p>\n<p>Dar\u00fcber hinaus freuen wir uns \u00fcber jede zus\u00e4tzliche Spende* und Ihr pers\u00f6nliches Engagement im Verein. Tatkr\u00e4ftige Eltern sind bei uns genauso gern gesehen wie, wenn gew\u00fcnscht, stille Mitglieder. Kommen Sie doch einfach mal vorbei.<\/p>\n<p>Sie k\u00f6nnen sich vorstellen, uns zu unterst\u00fctzen, <strong>dann f\u00fcllen Sie doch jetzt gleich den aus- bzw. beiliegenden <a href=\"http:\/\/www.s663169591.online.de\/oberschule\/wp-content\/uploads\/2018\/11\/Flyer-Schulverein.pdf\">Antrag<\/a><a title=\"PDF Download\" href=\"http:\/\/www.s663169591.online.de\/oberschule\/wp-content\/uploads\/2018\/11\/Flyer-Schulverein.pdf\" target=\"_blank\" rel=\"noopener noreferrer\"><img loading=\"lazy\" class=\"alignnone\" src=\"http:\/\/s663169591.online.de\/oberschule\/wp-content\/uploads\/dokumente\/pdf.png\" alt=\"\" width=\"50\" height=\"50\"><\/a>&nbsp; aus.<\/strong><\/p>\n<p>Ihr Schulverein der Lommatzscher Schulen e.V.<\/p>\n<p>&nbsp;<\/p>\n<p>01.08.2016<\/p>\n<p>* F\u00fcr Spenden zu satzungsm\u00e4\u00dfigen Zwecken des Schulvereins werden selbstverst\u00e4ndlich auf Wunsch steuerlich anerkannte Spendenquittungen ausgestellt.<\/p>\n<p>&nbsp;<\/p>\n<p><span style=\"text-decoration: underline;\"><strong>Gesch\u00e4ftsadresse<\/strong><\/span><\/p>\n<p>Schulverein der Schulen in Lommatzsch e.V.<\/p>\n<p>Michael Pfeffer<\/p>\n<p>Pratersch\u00fctz Nr.5<\/p>\n<p>01683 Nossen<\/p>\n<p>E-Mail: <a href=\"mailto:michael.pfeffer@esanet.de\">michael.pfeffer@esanet.de<\/a><\/p>\n<p>E-Mail: <a href=\"mailto:schulverein.lommatzsch@googlemail.com\">schulverein.lommatzsch@googlemail.com<\/a><\/p>\n<p>&nbsp;<\/p>\n<p><span style=\"text-decoration: underline;\"><strong>Kontoverbindung<\/strong><\/span><\/p>\n<p>Schulverein der Schulen in Lommatzsch e.V.<\/p>\n<p>Sparkasse Mei\u00dfen<\/p>\n<p>IBAN: DE69 850550000500129967<\/p>\n<p>BIC: SOLA DE S1 MEI<\/p>\n","protected":false},"excerpt":{"rendered":"<p>&nbsp; &nbsp; Aufruf des Schulvereins Ende M\u00e4rz\/ Anfang April diesen Jahres wollen &nbsp;wir die Tradition unseres Spendenlaufes wieder aufleben lassen. Beteiligen werden sich die Sch\u00fclerinnen und Sch\u00fcler der Oberschule unter dem Motto \u201eBewegung macht Spa\u00df\u201c. Klassenfahrten, gemeinsame Klassenveranstaltungen und Exkursionen sind mittlerweile eine ziemlich teure Angelegenheit, wo sie doch vor allem auch das Zusammenwachsen und [&hellip;]<\/p>\n","protected":false},"author":6,"featured_media":0,"parent":150,"menu_order":31,"comment_status":"closed","ping_status":"closed","template":"","meta":{"ngg_post_thumbnail":0},"_links":{"self":[{"href":"https:\/\/die-medien-produktion.de\/index.php?rest_route=\/wp\/v2\/pages\/2687"}],"collection":[{"href":"https:\/\/die-medien-produktion.de\/index.php?rest_route=\/wp\/v2\/pages"}],"about":[{"href":"https:\/\/die-medien-produktion.de\/index.php?rest_route=\/wp\/v2\/types\/page"}],"author":[{"embeddable":true,"href":"https:\/\/die-medien-produktion.de\/index.php?rest_route=\/wp\/v2\/users\/6"}],"replies":[{"embeddable":true,"href":"https:\/\/die-medien-produktion.de\/index.php?rest_route=%2Fwp%2Fv2%2Fcomments&post=2687"}],"version-history":[{"count":22,"href":"https:\/\/die-medien-produktion.de\/index.php?rest_route=\/wp\/v2\/pages\/2687\/revisions"}],"predecessor-version":[{"id":5945,"href":"https:\/\/die-medien-produktion.de\/index.php?rest_route=\/wp\/v2\/pages\/2687\/revisions\/5945"}],"up":[{"embeddable":true,"href":"https:\/\/die-medien-produktion.de\/index.php?rest_route=\/wp\/v2\/pages\/150"}],"wp:attachment":[{"href":"https:\/\/die-medien-produktion.de\/index.php?rest_route=%2Fwp%2Fv2%2Fmedia&parent=2687"}],"curies":[{"name":"wp","href":"https:\/\/api.w.org\/{rel}","templated":true}]}}