{"id":3396,"date":"2018-05-30T05:14:34","date_gmt":"2018-05-30T05:14:34","guid":{"rendered":"http:\/\/www.s663169591.online.de\/oberschule\/?page_id=3396"},"modified":"2025-02-27T10:04:16","modified_gmt":"2025-02-27T10:04:16","slug":"datenschutzerklaerung","status":"publish","type":"page","link":"https:\/\/die-medien-produktion.de\/?page_id=3396","title":{"rendered":"Datenschutzerkl\u00e4rung und Transparenzhinweis"},"content":{"rendered":"<h2 data-fontsize=\"22\" data-lineheight=\"26\">&nbsp;<\/h2>\n<h2 data-fontsize=\"22\" data-lineheight=\"26\">Datenschutz<\/h2>\n<p>Die Betreiber dieser Seiten nehmen den Schutz Ihrer pers\u00f6nlichen Daten sehr ernst. Wir behandeln Ihre personenbezogenen Daten vertraulich und entsprechend der gesetzlichen Datenschutzvorschriften sowie dieser Datenschutzerkl\u00e4rung.<\/p>\n<p>Die Nutzung unserer Website ist in der Regel ohne Angabe personenbezogener Daten m\u00f6glich. Soweit auf unseren Seiten personenbezogene Daten (beispielsweise Name, Anschrift oder E-Mail-Adressen) erhoben werden, erfolgt dies, soweit m\u00f6glich, stets auf freiwilliger Basis. Diese Daten werden ohne Ihre ausdr\u00fcckliche Zustimmung nicht an Dritte weitergegeben.<\/p>\n<p>Wir weisen darauf hin, dass die Daten\u00fcbertragung im Internet (z.B. bei der Kommunikation per E-Mail) Sicherheitsl\u00fccken aufweisen kann. Ein l\u00fcckenloser Schutz der Daten vor dem Zugriff durch Dritte ist nicht m\u00f6glich.<\/p>\n<p>&nbsp;<\/p>\n<h2><em>Transparenzhinweis<\/em><\/h2>\n<p><em>Ab 1. Januar 2023 ist das S\u00e4chsische Transparenzgesetz vom 19. August 2022 (S\u00e4chs-GVBl. S. 486) in Kraft. Es gew\u00e4hrt jeder Person ein Recht auf Zugang zu den bei einer transparenzpflichtigen Stelle im Freistaat Sachsen verf\u00fcgbaren Informationen, soweit keine Ausnahme gilt (Transparenzanspruch). Schulen sind transparenzpflichtige Stellen nur, soweit Informationen \u00fcber den Namen von Drittmittelgebern, die H\u00f6he der Drittmittel und die Laufzeit der mit Drittmitteln finanzierten abgeschlossenen Forschungsvorhaben betroffen sind.<\/em><\/p>\n<p>&nbsp;<\/p>\n<p>&nbsp;<\/p>\n<h2 data-fontsize=\"22\" data-lineheight=\"26\">Cookies<\/h2>\n<p>Die Internetseiten verwenden teilweise so genannte Cookies. Cookies richten auf Ihrem Rechner keinen Schaden an und enthalten keine Viren. Cookies dienen dazu, unser Angebot nutzerfreundlicher, effektiver und sicherer zu machen. Cookies sind kleine Textdateien, die auf Ihrem Rechner abgelegt werden und die Ihr Browser speichert.<\/p>\n<p>Die meisten der von uns verwendeten Cookies sind so genannte \u201eSession-Cookies\u201c. Sie werden nach Ende Ihres Besuchs automatisch gel\u00f6scht. Andere Cookies bleiben auf Ihrem Endger\u00e4t gespeichert, bis Sie diese l\u00f6schen. Diese Cookies erm\u00f6glichen es uns, Ihren Browser beim n\u00e4chsten Besuch wiederzuerkennen.<\/p>\n<p>Sie k\u00f6nnen Ihren Browser so einstellen, dass Sie \u00fcber das Setzen von Cookies informiert werden und Cookies nur im Einzelfall erlauben, die Annahme von Cookies f\u00fcr bestimmte F\u00e4lle oder generell ausschlie\u00dfen sowie das automatische L\u00f6schen der Cookies beim Schlie\u00dfen des Browser aktivieren. Bei der Deaktivierung von Cookies kann die Funktionalit\u00e4t dieser Website eingeschr\u00e4nkt sein.<\/p>\n<p>&nbsp;<\/p>\n<h2 data-fontsize=\"22\" data-lineheight=\"26\">Server-LogFiles<\/h2>\n<p>Der Provider der Seiten erhebt und speichert automatisch Informationen in so genannten Server-Log Files, die Ihr Browser automatisch an uns \u00fcbermittelt. Dies sind:<\/p>\n<p>\u2013 Browsertyp und Browserversion<br \/>\n\u2013 verwendetes Betriebssystem<br \/>\n\u2013 Referrer URL<br \/>\n\u2013 Hostname des zugreifenden Rechners<br \/>\n\u2013 Uhrzeit der Serveranfrage<\/p>\n<p>Diese Daten sind nicht bestimmten Personen zuordenbar. Eine Zusammenf\u00fchrung dieser Daten mit anderen Datenquellen wird nicht vorgenommen. Wir behalten uns vor, diese Daten nachtr\u00e4glich zu pr\u00fcfen, wenn uns konkrete Anhaltspunkte f\u00fcr eine rechtswidrige Nutzung bekannt werden.<\/p>\n<p>&nbsp;<\/p>\n<h2 data-fontsize=\"22\" data-lineheight=\"26\">E-Mail<\/h2>\n<p>Wenn Sie uns per E-Mail Anfragen zukommen lassen, werden Ihre Angaben inklusive der von Ihnen dort angegebenen Kontaktdaten zwecks Bearbeitung der Anfrage und f\u00fcr den Fall von Anschlussfragen bei uns gespeichert. Diese Daten geben wir nicht ohne Ihre Einwilligung weiter.<\/p>\n<p>&nbsp;<\/p>\n<h2 data-fontsize=\"22\" data-lineheight=\"26\">Recht auf Auskunft, L\u00f6schung, Sperrung<\/h2>\n<p>Sie haben jederzeit das Recht auf unentgeltliche Auskunft \u00fcber Ihre gespeicherten personenbezogenen Daten,deren Herkunft und Empf\u00e4nger und den Zweck der Datenverarbeitung sowie ein Recht auf Berichtigung, Sperrung oder L\u00f6schung dieser Daten. Hierzu sowie zu weiteren Fragen zum Thema personenbezogene Daten k\u00f6nnen Sie sich jederzeit an uns wenden.<\/p>\n<p><strong>Datenschutzbeauftragter:<\/strong><strong> Marcel Grimmer<\/strong><\/p>\n<p><strong>E-Mail: <\/strong>oberschule@lommatzsch.de<\/p>\n<p>&nbsp;<\/p>\n<h3>Google Web Fonts<\/h3>\n<p>Diese Seite nutzt zur einheitlichen Darstellung von Schriftarten so genannte Web Fonts, die von Google bereitgestellt werden. Beim Aufruf einer Seite l\u00e4dt Ihr Browser die ben\u00f6tigten Web Fonts in ihren Browsercache, um Texte und Schriftarten korrekt anzuzeigen.<br \/>\nZu diesem Zweck muss der von Ihnen verwendete Browser Verbindung zu den Servern von Google aufnehmen. Hierdurch erlangt Google Kenntnis dar\u00fcber, dass \u00fcber Ihre IP- Adresse unsere Website aufgerufen wurde. Die Nutzung von Google Web Fonts erfolgt im Interesse einer einheitlichen und ansprechenden Darstellung unserer Online- Angebote. Dies stellt ein berechtigtes Interesse im Sinne von Art. 6 Abs. 1 lit. f DSGVO dar.<br \/>\nWenn Ihr Browser Web Fonts nicht unterst\u00fctzt, wird eine Standardschrift von Ihrem Computer genutzt.<br \/>\nWeitere Informationen zu Google Web Fonts finden Sie unter https:\/\/ developers.google.com\/fonts\/faq und in der Datenschutzerkl\u00e4rung von Google: https:\/\/ www.google.com\/policies\/privacy \/.<br \/>\nQuelle:&nbsp;<a href=\"https:\/\/www.e-recht24.de\/\">eRecht24<\/a><\/p>\n","protected":false},"excerpt":{"rendered":"<p>&nbsp; Datenschutz Die Betreiber dieser Seiten nehmen den Schutz Ihrer pers\u00f6nlichen Daten sehr ernst. Wir behandeln Ihre personenbezogenen Daten vertraulich und entsprechend der gesetzlichen Datenschutzvorschriften sowie dieser Datenschutzerkl\u00e4rung. Die Nutzung unserer Website ist in der Regel ohne Angabe personenbezogener Daten m\u00f6glich. Soweit auf unseren Seiten personenbezogene Daten (beispielsweise Name, Anschrift oder E-Mail-Adressen) erhoben werden, erfolgt [&hellip;]<\/p>\n","protected":false},"author":6,"featured_media":0,"parent":150,"menu_order":100,"comment_status":"closed","ping_status":"closed","template":"","meta":{"ngg_post_thumbnail":0},"_links":{"self":[{"href":"https:\/\/die-medien-produktion.de\/index.php?rest_route=\/wp\/v2\/pages\/3396"}],"collection":[{"href":"https:\/\/die-medien-produktion.de\/index.php?rest_route=\/wp\/v2\/pages"}],"about":[{"href":"https:\/\/die-medien-produktion.de\/index.php?rest_route=\/wp\/v2\/types\/page"}],"author":[{"embeddable":true,"href":"https:\/\/die-medien-produktion.de\/index.php?rest_route=\/wp\/v2\/users\/6"}],"replies":[{"embeddable":true,"href":"https:\/\/die-medien-produktion.de\/index.php?rest_route=%2Fwp%2Fv2%2Fcomments&post=3396"}],"version-history":[{"count":8,"href":"https:\/\/die-medien-produktion.de\/index.php?rest_route=\/wp\/v2\/pages\/3396\/revisions"}],"predecessor-version":[{"id":6634,"href":"https:\/\/die-medien-produktion.de\/index.php?rest_route=\/wp\/v2\/pages\/3396\/revisions\/6634"}],"up":[{"embeddable":true,"href":"https:\/\/die-medien-produktion.de\/index.php?rest_route=\/wp\/v2\/pages\/150"}],"wp:attachment":[{"href":"https:\/\/die-medien-produktion.de\/index.php?rest_route=%2Fwp%2Fv2%2Fmedia&parent=3396"}],"curies":[{"name":"wp","href":"https:\/\/api.w.org\/{rel}","templated":true}]}}