{"id":3871,"date":"2018-12-18T07:15:59","date_gmt":"2018-12-18T07:15:59","guid":{"rendered":"http:\/\/www.s663169591.online.de\/oberschule\/?page_id=3871"},"modified":"2018-12-18T07:43:12","modified_gmt":"2018-12-18T07:43:12","slug":"deine-idee-schule-entscheidung","status":"publish","type":"page","link":"https:\/\/die-medien-produktion.de\/?page_id=3871","title":{"rendered":"Deine Idee? Schule. Entscheidung!"},"content":{"rendered":"\n<p><strong><br><\/strong><\/p>\n\n\n\n<div class=\"wp-block-image\"><figure class=\"aligncenter\"><img loading=\"lazy\" width=\"400\" height=\"236\" src=\"http:\/\/www.s663169591.online.de\/oberschule\/wp-content\/uploads\/2018\/12\/05_Logo-als-Link-2.png\" alt=\"\" class=\"wp-image-3885\" srcset=\"https:\/\/die-medien-produktion.de\/wp-content\/uploads\/2018\/12\/05_Logo-als-Link-2.png 400w, https:\/\/die-medien-produktion.de\/wp-content\/uploads\/2018\/12\/05_Logo-als-Link-2-300x177.png 300w\" sizes=\"(max-width: 400px) 100vw, 400px\" \/><\/figure><\/div>\n\n\n\n<p class=\"has-medium-font-size\"><strong>Demokratie in Schule erleben: <\/strong><br><strong>Lommatzscher Sch\u00fclerinnen und Sch\u00fcler haben gew\u00e4hlt<\/strong><\/p>\n\n\n\n<p>Gemeinsam wurden in den Klassen der Oberschule Lommatzscher Pflege Vorschl\u00e4ge gesammelt, wie die eigene Schule zu einem noch besseren Lern- und Lebensort werden kann. Soll es zuk\u00fcnftig einen Trinkbrunnen in der Schule geben? Oder ein Aquarium, um den Eingangsbereich sch\u00f6ner zu gestalten? Oder Haken auf den Toiletten, um Jackenaufzuh\u00e4ngen? Zwischen insgesamt 13 Vorschl\u00e4gen konnten die Sch\u00fclerinnen und Sch\u00fcler der Oberschule Lommatzscher Pflege am 16.11.2018 w\u00e4hlen. F\u00fcr die Umsetzung des Vorschlags, der die meisten Stimmen erh\u00e4lt, stehen nun 1500 \u20ac zur Verf\u00fcgung.<\/p>\n\n\n\n<p>Das Wahlergebnis zeigte eine deutliche Mehrheit f\u00fcr den Snack- und Getr\u00e4nkeautomaten, auf Platz 2 kam der Trinkbrunnen und Platz 3 das Aquarium. Nun beginnt die Umsetzung des meist gew\u00e4hlten Vorschlages. Dazu hat sich eine Arbeitsgruppe aus mehreren Sch\u00fcler\/Innen gebildet, welche durch die Jugendstiftung und 2 P\u00e4dagogen unterst\u00fctzt werden. <\/p>\n\n\n\n<p>Der Wahltag war vorl\u00e4ufig der H\u00f6hepunkt in einem Prozess, der seit September an der Schule abl\u00e4uft. Die Oberschule Lommatzscher Pflege ist eine von sechs Schulen, die an dem Modellprojekt der S\u00e4chsischen Jugendstiftung \u201eDeine Idee? Deine Schule.Deine Entscheidung!\u201c teilnimmt. <\/p>\n\n\n\n<p>Mit dem Modellprojekt erh\u00e4lt die Sch\u00fclerschaft im Lebensraum Schule die Chance, durch Beteiligung das Leben in ihrem Umfeld zu beeinflussen und zu ver\u00e4ndern. Gleichzeitig wird ein Raum geschaffen, in welchem alle Jugendlichen die M\u00f6glichkeit haben, demokratische Prozesse zu erleben und Kompetenzen zu erwerben, die sie f\u00fcr eine aktive Teilhabe an einer demokratisch verfassten Gesellschaft ben\u00f6tigen. <\/p>\n\n\n\n<ul class=\"wp-block-gallery columns-3 is-cropped\"><li class=\"blocks-gallery-item\"><figure><img loading=\"lazy\" width=\"512\" height=\"768\" src=\"http:\/\/www.s663169591.online.de\/oberschule\/wp-content\/uploads\/2018\/12\/01_IMG_2773.jpg\" alt=\"\" data-id=\"3874\" data-link=\"http:\/\/www.s663169591.online.de\/oberschule\/?attachment_id=3874\" class=\"wp-image-3874\" srcset=\"https:\/\/die-medien-produktion.de\/wp-content\/uploads\/2018\/12\/01_IMG_2773.jpg 512w, https:\/\/die-medien-produktion.de\/wp-content\/uploads\/2018\/12\/01_IMG_2773-200x300.jpg 200w\" sizes=\"(max-width: 512px) 100vw, 512px\" \/><\/figure><\/li><li class=\"blocks-gallery-item\"><figure><img loading=\"lazy\" width=\"683\" height=\"1024\" src=\"http:\/\/www.s663169591.online.de\/oberschule\/wp-content\/uploads\/2018\/12\/02_IMG_2637-683x1024.jpg\" alt=\"\" data-id=\"3875\" data-link=\"http:\/\/www.s663169591.online.de\/oberschule\/?attachment_id=3875\" class=\"wp-image-3875\" srcset=\"https:\/\/die-medien-produktion.de\/wp-content\/uploads\/2018\/12\/02_IMG_2637-683x1024.jpg 683w, https:\/\/die-medien-produktion.de\/wp-content\/uploads\/2018\/12\/02_IMG_2637-200x300.jpg 200w, https:\/\/die-medien-produktion.de\/wp-content\/uploads\/2018\/12\/02_IMG_2637-768x1152.jpg 768w\" sizes=\"(max-width: 683px) 100vw, 683px\" \/><\/figure><\/li><li class=\"blocks-gallery-item\"><figure><img loading=\"lazy\" width=\"512\" height=\"768\" src=\"http:\/\/www.s663169591.online.de\/oberschule\/wp-content\/uploads\/2018\/12\/02_IMG_2661.jpg\" alt=\"\" data-id=\"3876\" data-link=\"http:\/\/www.s663169591.online.de\/oberschule\/?attachment_id=3876\" class=\"wp-image-3876\" srcset=\"https:\/\/die-medien-produktion.de\/wp-content\/uploads\/2018\/12\/02_IMG_2661.jpg 512w, https:\/\/die-medien-produktion.de\/wp-content\/uploads\/2018\/12\/02_IMG_2661-200x300.jpg 200w\" sizes=\"(max-width: 512px) 100vw, 512px\" \/><\/figure><\/li><li class=\"blocks-gallery-item\"><figure><img loading=\"lazy\" width=\"1024\" height=\"683\" src=\"http:\/\/www.s663169591.online.de\/oberschule\/wp-content\/uploads\/2018\/12\/03_IMG_2642-1024x683.jpg\" alt=\"\" data-id=\"3878\" data-link=\"http:\/\/www.s663169591.online.de\/oberschule\/?attachment_id=3878\" class=\"wp-image-3878\" srcset=\"https:\/\/die-medien-produktion.de\/wp-content\/uploads\/2018\/12\/03_IMG_2642-1024x683.jpg 1024w, https:\/\/die-medien-produktion.de\/wp-content\/uploads\/2018\/12\/03_IMG_2642-300x200.jpg 300w, https:\/\/die-medien-produktion.de\/wp-content\/uploads\/2018\/12\/03_IMG_2642-768x512.jpg 768w\" sizes=\"(max-width: 1024px) 100vw, 1024px\" \/><\/figure><\/li><li class=\"blocks-gallery-item\"><figure><img loading=\"lazy\" width=\"1024\" height=\"683\" src=\"http:\/\/www.s663169591.online.de\/oberschule\/wp-content\/uploads\/2018\/12\/03_IMG_2736-1024x683.jpg\" alt=\"\" data-id=\"3879\" data-link=\"http:\/\/www.s663169591.online.de\/oberschule\/?attachment_id=3879\" class=\"wp-image-3879\" srcset=\"https:\/\/die-medien-produktion.de\/wp-content\/uploads\/2018\/12\/03_IMG_2736.jpg 1024w, https:\/\/die-medien-produktion.de\/wp-content\/uploads\/2018\/12\/03_IMG_2736-300x200.jpg 300w, https:\/\/die-medien-produktion.de\/wp-content\/uploads\/2018\/12\/03_IMG_2736-768x512.jpg 768w\" sizes=\"(max-width: 1024px) 100vw, 1024px\" \/><\/figure><\/li><li class=\"blocks-gallery-item\"><figure><img loading=\"lazy\" width=\"1024\" height=\"683\" src=\"http:\/\/www.s663169591.online.de\/oberschule\/wp-content\/uploads\/2018\/12\/04_IMG_2650-1024x683.jpg\" alt=\"\" data-id=\"3880\" data-link=\"http:\/\/www.s663169591.online.de\/oberschule\/?attachment_id=3880\" class=\"wp-image-3880\" srcset=\"https:\/\/die-medien-produktion.de\/wp-content\/uploads\/2018\/12\/04_IMG_2650-1024x683.jpg 1024w, https:\/\/die-medien-produktion.de\/wp-content\/uploads\/2018\/12\/04_IMG_2650-300x200.jpg 300w, https:\/\/die-medien-produktion.de\/wp-content\/uploads\/2018\/12\/04_IMG_2650-768x512.jpg 768w\" sizes=\"(max-width: 1024px) 100vw, 1024px\" \/><\/figure><\/li><li class=\"blocks-gallery-item\"><figure><img loading=\"lazy\" width=\"1024\" height=\"683\" src=\"http:\/\/www.s663169591.online.de\/oberschule\/wp-content\/uploads\/2018\/12\/04_IMG_2741-1024x683.jpg\" alt=\"\" data-id=\"3881\" data-link=\"http:\/\/www.s663169591.online.de\/oberschule\/?attachment_id=3881\" class=\"wp-image-3881\" srcset=\"https:\/\/die-medien-produktion.de\/wp-content\/uploads\/2018\/12\/04_IMG_2741.jpg 1024w, https:\/\/die-medien-produktion.de\/wp-content\/uploads\/2018\/12\/04_IMG_2741-300x200.jpg 300w, https:\/\/die-medien-produktion.de\/wp-content\/uploads\/2018\/12\/04_IMG_2741-768x512.jpg 768w\" sizes=\"(max-width: 1024px) 100vw, 1024px\" \/><\/figure><\/li><li class=\"blocks-gallery-item\"><figure><img loading=\"lazy\" width=\"1024\" height=\"683\" src=\"http:\/\/www.s663169591.online.de\/oberschule\/wp-content\/uploads\/2018\/12\/05_IMG_2769-1024x683.jpg\" alt=\"\" data-id=\"3882\" data-link=\"http:\/\/www.s663169591.online.de\/oberschule\/?attachment_id=3882\" class=\"wp-image-3882\" srcset=\"https:\/\/die-medien-produktion.de\/wp-content\/uploads\/2018\/12\/05_IMG_2769.jpg 1024w, https:\/\/die-medien-produktion.de\/wp-content\/uploads\/2018\/12\/05_IMG_2769-300x200.jpg 300w, https:\/\/die-medien-produktion.de\/wp-content\/uploads\/2018\/12\/05_IMG_2769-768x512.jpg 768w\" sizes=\"(max-width: 1024px) 100vw, 1024px\" \/><\/figure><\/li><\/ul>\n","protected":false},"excerpt":{"rendered":"<p>Demokratie in Schule erleben: Lommatzscher Sch\u00fclerinnen und Sch\u00fcler haben gew\u00e4hlt Gemeinsam wurden in den Klassen der Oberschule Lommatzscher Pflege Vorschl\u00e4ge gesammelt, wie die eigene Schule zu einem noch besseren Lern- und Lebensort werden kann. Soll es zuk\u00fcnftig einen Trinkbrunnen in der Schule geben? Oder ein Aquarium, um den Eingangsbereich sch\u00f6ner zu gestalten? Oder Haken auf [&hellip;]<\/p>\n","protected":false},"author":6,"featured_media":0,"parent":26,"menu_order":3,"comment_status":"closed","ping_status":"closed","template":"","meta":{"ngg_post_thumbnail":0},"_links":{"self":[{"href":"https:\/\/die-medien-produktion.de\/index.php?rest_route=\/wp\/v2\/pages\/3871"}],"collection":[{"href":"https:\/\/die-medien-produktion.de\/index.php?rest_route=\/wp\/v2\/pages"}],"about":[{"href":"https:\/\/die-medien-produktion.de\/index.php?rest_route=\/wp\/v2\/types\/page"}],"author":[{"embeddable":true,"href":"https:\/\/die-medien-produktion.de\/index.php?rest_route=\/wp\/v2\/users\/6"}],"replies":[{"embeddable":true,"href":"https:\/\/die-medien-produktion.de\/index.php?rest_route=%2Fwp%2Fv2%2Fcomments&post=3871"}],"version-history":[{"count":6,"href":"https:\/\/die-medien-produktion.de\/index.php?rest_route=\/wp\/v2\/pages\/3871\/revisions"}],"predecessor-version":[{"id":3888,"href":"https:\/\/die-medien-produktion.de\/index.php?rest_route=\/wp\/v2\/pages\/3871\/revisions\/3888"}],"up":[{"embeddable":true,"href":"https:\/\/die-medien-produktion.de\/index.php?rest_route=\/wp\/v2\/pages\/26"}],"wp:attachment":[{"href":"https:\/\/die-medien-produktion.de\/index.php?rest_route=%2Fwp%2Fv2%2Fmedia&parent=3871"}],"curies":[{"name":"wp","href":"https:\/\/api.w.org\/{rel}","templated":true}]}}