{"id":4515,"date":"2020-03-16T13:54:35","date_gmt":"2020-03-16T13:54:35","guid":{"rendered":"http:\/\/www.s663169591.online.de\/oberschule\/?page_id=4515"},"modified":"2024-12-06T10:04:21","modified_gmt":"2024-12-06T10:04:21","slug":"aktuelle-informationen","status":"publish","type":"page","link":"https:\/\/die-medien-produktion.de\/?page_id=4515","title":{"rendered":"Aktuelle Informationen"},"content":{"rendered":"<h2>&nbsp;<\/h2>\n<h2>&nbsp;<\/h2>\n<h1>freiwilliges Praktikum in den Ferien<\/h1>\n<p>Solltest du als Sch\u00fcler die M\u00f6glichkeit haben, ausserschulisch ein Praktikum zu absolvieren<br \/>\n(in den Ferien z.B.), kannst und solltest du die Chance nutzen.<br \/>\nBitte kl\u00e4re vorher die rechtlichen Dinge mit deinen Eltern und dem Betrieb ab.<br \/>\nAuch die Schule kann dir rechtssichere Informationen geben.<\/p>\n<p>&nbsp;<\/p>\n<p>Information unserer Berufsberaterin (Frau Tietze)<\/p>\n<p><span class=\"emailAddress selectable\">Die Berufsberaterin der Agentur f\u00fcr Arbeit Frau J. Tietze ist gern am Telefon f\u00fcr euch da. Besonders die <strong>Schulabg\u00e4nger<\/strong>, welche noch keine Ausbildung oder \u00dcberbr\u00fcckung gefunden haben, sollten das Angebot nutzen.<\/span><\/p>\n<p><a href=\"http:\/\/www.s663169591.online.de\/oberschule\/?page_id=1320\" target=\"_blank\" rel=\"noopener noreferrer\">Die Kontaktdaten von Frau Tietze findet ihr unter: BO \/ Berufsberaterin der Agentur f\u00fcr Arbeit<\/a><\/p>\n","protected":false},"excerpt":{"rendered":"<p>&nbsp; &nbsp; freiwilliges Praktikum in den Ferien Solltest du als Sch\u00fcler die M\u00f6glichkeit haben, ausserschulisch ein Praktikum zu absolvieren (in den Ferien z.B.), kannst und solltest du die Chance nutzen. Bitte kl\u00e4re vorher die rechtlichen Dinge mit deinen Eltern und dem Betrieb ab. Auch die Schule kann dir rechtssichere Informationen geben. &nbsp; Information unserer Berufsberaterin [&hellip;]<\/p>\n","protected":false},"author":9,"featured_media":0,"parent":1290,"menu_order":0,"comment_status":"closed","ping_status":"closed","template":"","meta":{"ngg_post_thumbnail":0},"_links":{"self":[{"href":"https:\/\/die-medien-produktion.de\/index.php?rest_route=\/wp\/v2\/pages\/4515"}],"collection":[{"href":"https:\/\/die-medien-produktion.de\/index.php?rest_route=\/wp\/v2\/pages"}],"about":[{"href":"https:\/\/die-medien-produktion.de\/index.php?rest_route=\/wp\/v2\/types\/page"}],"author":[{"embeddable":true,"href":"https:\/\/die-medien-produktion.de\/index.php?rest_route=\/wp\/v2\/users\/9"}],"replies":[{"embeddable":true,"href":"https:\/\/die-medien-produktion.de\/index.php?rest_route=%2Fwp%2Fv2%2Fcomments&post=4515"}],"version-history":[{"count":50,"href":"https:\/\/die-medien-produktion.de\/index.php?rest_route=\/wp\/v2\/pages\/4515\/revisions"}],"predecessor-version":[{"id":6542,"href":"https:\/\/die-medien-produktion.de\/index.php?rest_route=\/wp\/v2\/pages\/4515\/revisions\/6542"}],"up":[{"embeddable":true,"href":"https:\/\/die-medien-produktion.de\/index.php?rest_route=\/wp\/v2\/pages\/1290"}],"wp:attachment":[{"href":"https:\/\/die-medien-produktion.de\/index.php?rest_route=%2Fwp%2Fv2%2Fmedia&parent=4515"}],"curies":[{"name":"wp","href":"https:\/\/api.w.org\/{rel}","templated":true}]}}