{"id":4863,"date":"2021-01-08T08:00:32","date_gmt":"2021-01-08T08:00:32","guid":{"rendered":"http:\/\/www.s663169591.online.de\/oberschule\/?page_id=4863"},"modified":"2024-02-12T19:31:52","modified_gmt":"2024-02-12T19:31:52","slug":"galerie-fdm","status":"publish","type":"page","link":"https:\/\/die-medien-produktion.de\/?page_id=4863","title":{"rendered":"Foto des Monats"},"content":{"rendered":"<p>&nbsp;<\/p>\n<h3>Mit Fotos kann man sehr sch\u00f6ne Augenblicke im Alltag \u201ehaltbar\u201c machen.<br \/>\nF\u00fcr sich selbst oder andere Personen.<br \/>\nSch\u00f6ne Augenblicke erkennen ist wichtig, denn man kann sich daran erfreuen.<\/h3>\n<p>&nbsp;<\/p>\n<h3>Gesucht sind Fotos, die ihr, Sch\u00fcler unserer Schule und Lehrer, <strong>selbst aufgenommen<\/strong> habt. M\u00f6glichst nur digitale Fotos, keine Ausdrucke.<\/h3>\n<p>&nbsp;<\/p>\n<h3>Hier k\u00f6nnt ihr die sch\u00f6nsten Bilder des Monats anschauen.<\/h3>\n<p>&nbsp;<\/p>\n<h2 style=\"text-align: center;\">Aktuelles Siegerbild des Monats<br \/>\nJanuar 2024<\/h2>\n<h2 style=\"text-align: center;\"><a href=\"http:\/\/www.s663169591.online.de\/oberschule\/wp-content\/uploads\/2024\/02\/Klara-Feske-Guten-Morgen-10x15-neu.jpg\"><img loading=\"lazy\" class=\"alignnone size-medium wp-image-6323\" src=\"http:\/\/www.s663169591.online.de\/oberschule\/wp-content\/uploads\/2024\/02\/Klara-Feske-Guten-Morgen-10x15-neu-300x200.jpg\" alt=\"\" width=\"300\" height=\"200\" srcset=\"https:\/\/die-medien-produktion.de\/wp-content\/uploads\/2024\/02\/Klara-Feske-Guten-Morgen-10x15-neu-300x200.jpg 300w, https:\/\/die-medien-produktion.de\/wp-content\/uploads\/2024\/02\/Klara-Feske-Guten-Morgen-10x15-neu-1024x683.jpg 1024w, https:\/\/die-medien-produktion.de\/wp-content\/uploads\/2024\/02\/Klara-Feske-Guten-Morgen-10x15-neu-768x512.jpg 768w, https:\/\/die-medien-produktion.de\/wp-content\/uploads\/2024\/02\/Klara-Feske-Guten-Morgen-10x15-neu-1536x1024.jpg 1536w, https:\/\/die-medien-produktion.de\/wp-content\/uploads\/2024\/02\/Klara-Feske-Guten-Morgen-10x15-neu-2048x1365.jpg 2048w\" sizes=\"(max-width: 300px) 100vw, 300px\" \/><\/a><\/h2>\n<p style=\"text-align: center;\">&#8222;Guten Morgen&#8220; Klara Feske Klasse 7b<\/p>\n<h3>&nbsp;<\/h3>\n<h3><a href=\"http:\/\/www.s663169591.online.de\/oberschule\/?page_id=561\">Hier geht es zur Galerie der letzten Monate und Jahre&#8230;<\/a><\/h3>\n<p>&nbsp;<\/p>\n<p><a id=\"ebsr5556uh\" href=\"https:\/\/www.besucherzaehler-kostenlos.de\">besucherzaehler-kostenlos.de<\/a><script language=\"JavaScript\" src=\"https:\/\/www.besucherzaehler-kostenlos.de\/js\/counter.js.php?count=1&amp;id=weO9ie6dLc&amp;start=0&amp;design=1b\"><\/script><\/p>\n","protected":false},"excerpt":{"rendered":"<p>&nbsp; Mit Fotos kann man sehr sch\u00f6ne Augenblicke im Alltag \u201ehaltbar\u201c machen. F\u00fcr sich selbst oder andere Personen. Sch\u00f6ne Augenblicke erkennen ist wichtig, denn man kann sich daran erfreuen. &nbsp; Gesucht sind Fotos, die ihr, Sch\u00fcler unserer Schule und Lehrer, selbst aufgenommen habt. M\u00f6glichst nur digitale Fotos, keine Ausdrucke. &nbsp; Hier k\u00f6nnt ihr die sch\u00f6nsten [&hellip;]<\/p>\n","protected":false},"author":9,"featured_media":0,"parent":26,"menu_order":40,"comment_status":"closed","ping_status":"closed","template":"","meta":{"ngg_post_thumbnail":0},"_links":{"self":[{"href":"https:\/\/die-medien-produktion.de\/index.php?rest_route=\/wp\/v2\/pages\/4863"}],"collection":[{"href":"https:\/\/die-medien-produktion.de\/index.php?rest_route=\/wp\/v2\/pages"}],"about":[{"href":"https:\/\/die-medien-produktion.de\/index.php?rest_route=\/wp\/v2\/types\/page"}],"author":[{"embeddable":true,"href":"https:\/\/die-medien-produktion.de\/index.php?rest_route=\/wp\/v2\/users\/9"}],"replies":[{"embeddable":true,"href":"https:\/\/die-medien-produktion.de\/index.php?rest_route=%2Fwp%2Fv2%2Fcomments&post=4863"}],"version-history":[{"count":18,"href":"https:\/\/die-medien-produktion.de\/index.php?rest_route=\/wp\/v2\/pages\/4863\/revisions"}],"predecessor-version":[{"id":6329,"href":"https:\/\/die-medien-produktion.de\/index.php?rest_route=\/wp\/v2\/pages\/4863\/revisions\/6329"}],"up":[{"embeddable":true,"href":"https:\/\/die-medien-produktion.de\/index.php?rest_route=\/wp\/v2\/pages\/26"}],"wp:attachment":[{"href":"https:\/\/die-medien-produktion.de\/index.php?rest_route=%2Fwp%2Fv2%2Fmedia&parent=4863"}],"curies":[{"name":"wp","href":"https:\/\/api.w.org\/{rel}","templated":true}]}}