{"id":548,"date":"2010-11-30T17:54:47","date_gmt":"2010-11-30T17:54:47","guid":{"rendered":"http:\/\/s663169591.online.de\/oberschule\/?page_id=548"},"modified":"2025-02-27T10:14:16","modified_gmt":"2025-02-27T10:14:16","slug":"impressum","status":"publish","type":"page","link":"https:\/\/die-medien-produktion.de\/?page_id=548","title":{"rendered":"Impressum"},"content":{"rendered":"<p><strong><span style=\"text-decoration: underline;\">Oberschule Lommatzscher Pflege<\/span><\/strong><\/p>\n<p>&nbsp;<\/p>\n<p><strong>Schulleiterin: Silke Gerlach<\/strong><\/p>\n<p>Domselwitzer Stra\u00dfe 21<br \/>\n<strong> 01623 Lommatzsch<\/strong><\/p>\n<p><strong>Sekretariat: <\/strong> 03 52 41-5 22 77<br \/>\n<strong>E-Mail: <\/strong>oberschule@lommatzsch.de<\/p>\n<p>&nbsp;<\/p>\n<p><strong>Datenschutzbeauftragter:<\/strong><strong> Marcel Grimmer<\/strong><\/p>\n<p><strong>E-Mail:&nbsp;<\/strong>&nbsp;oberschule@lommatzsch.de<\/p>\n<p>&nbsp;<\/p>\n<p>&nbsp;<\/p>\n<p><strong>Haftungsausschluss<\/strong><\/p>\n<p>Mit Urteil vom 12. Mai 1998 hat das Landgericht Hamburg entschieden, dass man durch die Ausbringung eines Links die Inhalte der gelinkten Seite&nbsp; ggf. mit zu verantworten hat. Dies kann, so das LG, nur dadurch verhindert werden, dass man sich ausdr\u00fccklich von diesen Inhalten distanziert.<br \/>\nWir haben auf verschiedenen Seiten dieser Homepage Links mit anderen Seiten im Internet gelegt. F\u00fcr all diese Links gilt: Wir m\u00f6chten ausdr\u00fccklich betonen, dass wir keinerlei Einfluss auf die Gestaltung und die Inhalte der gelinkten Seiten haben. Deshalb distanzieren wir uns hiermit ausdr\u00fccklich von allen Inhalten aller gelinkten Seiten auf unseren Homepages und machen uns ihre Inhalte nicht zu eigen.<br \/>\nDie Erkl\u00e4rung gilt f\u00fcr alle auf dieser Homepage ausgebrachten Links.<\/p>\n","protected":false},"excerpt":{"rendered":"<p>Oberschule Lommatzscher Pflege &nbsp; Schulleiterin: Silke Gerlach Domselwitzer Stra\u00dfe 21 01623 Lommatzsch Sekretariat: 03 52 41-5 22 77 E-Mail: oberschule@lommatzsch.de &nbsp; Datenschutzbeauftragter: Marcel Grimmer E-Mail:&nbsp;&nbsp;oberschule@lommatzsch.de &nbsp; &nbsp; Haftungsausschluss Mit Urteil vom 12. Mai 1998 hat das Landgericht Hamburg entschieden, dass man durch die Ausbringung eines Links die Inhalte der gelinkten Seite&nbsp; ggf. mit zu verantworten [&hellip;]<\/p>\n","protected":false},"author":7,"featured_media":0,"parent":150,"menu_order":61,"comment_status":"closed","ping_status":"closed","template":"","meta":{"ngg_post_thumbnail":0},"_links":{"self":[{"href":"https:\/\/die-medien-produktion.de\/index.php?rest_route=\/wp\/v2\/pages\/548"}],"collection":[{"href":"https:\/\/die-medien-produktion.de\/index.php?rest_route=\/wp\/v2\/pages"}],"about":[{"href":"https:\/\/die-medien-produktion.de\/index.php?rest_route=\/wp\/v2\/types\/page"}],"author":[{"embeddable":true,"href":"https:\/\/die-medien-produktion.de\/index.php?rest_route=\/wp\/v2\/users\/7"}],"replies":[{"embeddable":true,"href":"https:\/\/die-medien-produktion.de\/index.php?rest_route=%2Fwp%2Fv2%2Fcomments&post=548"}],"version-history":[{"count":28,"href":"https:\/\/die-medien-produktion.de\/index.php?rest_route=\/wp\/v2\/pages\/548\/revisions"}],"predecessor-version":[{"id":6637,"href":"https:\/\/die-medien-produktion.de\/index.php?rest_route=\/wp\/v2\/pages\/548\/revisions\/6637"}],"up":[{"embeddable":true,"href":"https:\/\/die-medien-produktion.de\/index.php?rest_route=\/wp\/v2\/pages\/150"}],"wp:attachment":[{"href":"https:\/\/die-medien-produktion.de\/index.php?rest_route=%2Fwp%2Fv2%2Fmedia&parent=548"}],"curies":[{"name":"wp","href":"https:\/\/api.w.org\/{rel}","templated":true}]}}