{"id":5487,"date":"2022-05-04T07:05:05","date_gmt":"2022-05-04T07:05:05","guid":{"rendered":"http:\/\/www.s663169591.online.de\/oberschule\/?page_id=5487"},"modified":"2023-09-04T09:11:07","modified_gmt":"2023-09-04T09:11:07","slug":"schuelerbefoerderung","status":"publish","type":"page","link":"https:\/\/die-medien-produktion.de\/?page_id=5487","title":{"rendered":"Sch\u00fclerbef\u00f6rderung"},"content":{"rendered":"<p><strong>Infos zur Sch\u00fclerbef\u00f6rderung 2023\/24<\/strong><\/p>\n<p>&nbsp;<\/p>\n<p>Information des Verkehrsverbundes Oberelbe (VVO) \u00fcber Verkehrserhebung<\/p>\n<p><a href=\"http:\/\/www.s663169591.online.de\/oberschule\/wp-content\/uploads\/2023\/09\/VE2023-24_Information-Schulen.pdf\">Elterninfo Sch\u00fclerbef\u00f6rderung September 2023<\/a><\/p>\n","protected":false},"excerpt":{"rendered":"<p>Infos zur Sch\u00fclerbef\u00f6rderung 2023\/24 &nbsp; Information des Verkehrsverbundes Oberelbe (VVO) \u00fcber Verkehrserhebung Elterninfo Sch\u00fclerbef\u00f6rderung September 2023<\/p>\n","protected":false},"author":6,"featured_media":0,"parent":150,"menu_order":0,"comment_status":"closed","ping_status":"closed","template":"","meta":{"ngg_post_thumbnail":0},"_links":{"self":[{"href":"https:\/\/die-medien-produktion.de\/index.php?rest_route=\/wp\/v2\/pages\/5487"}],"collection":[{"href":"https:\/\/die-medien-produktion.de\/index.php?rest_route=\/wp\/v2\/pages"}],"about":[{"href":"https:\/\/die-medien-produktion.de\/index.php?rest_route=\/wp\/v2\/types\/page"}],"author":[{"embeddable":true,"href":"https:\/\/die-medien-produktion.de\/index.php?rest_route=\/wp\/v2\/users\/6"}],"replies":[{"embeddable":true,"href":"https:\/\/die-medien-produktion.de\/index.php?rest_route=%2Fwp%2Fv2%2Fcomments&post=5487"}],"version-history":[{"count":6,"href":"https:\/\/die-medien-produktion.de\/index.php?rest_route=\/wp\/v2\/pages\/5487\/revisions"}],"predecessor-version":[{"id":6076,"href":"https:\/\/die-medien-produktion.de\/index.php?rest_route=\/wp\/v2\/pages\/5487\/revisions\/6076"}],"up":[{"embeddable":true,"href":"https:\/\/die-medien-produktion.de\/index.php?rest_route=\/wp\/v2\/pages\/150"}],"wp:attachment":[{"href":"https:\/\/die-medien-produktion.de\/index.php?rest_route=%2Fwp%2Fv2%2Fmedia&parent=5487"}],"curies":[{"name":"wp","href":"https:\/\/api.w.org\/{rel}","templated":true}]}}