{"id":5874,"date":"2023-02-21T08:48:52","date_gmt":"2023-02-21T08:48:52","guid":{"rendered":"http:\/\/www.s663169591.online.de\/oberschule\/?page_id=5874"},"modified":"2023-10-17T07:02:14","modified_gmt":"2023-10-17T07:02:14","slug":"deine-idee-deine-schule-deine-entscheidung","status":"publish","type":"page","link":"https:\/\/die-medien-produktion.de\/?page_id=5874","title":{"rendered":"\u201eDeine Idee, deine Schule, deine Entscheidung\u201c"},"content":{"rendered":"<p><span style=\"font-size: small;\">(S\u00e4chsische Jugendstiftung) <\/span><\/p>\n<p>&nbsp;<\/p>\n<p>Was vor f\u00fcnf Jahren in einer der ersten Modellschulen Sachsens mit der Jugendstiftung begann, wird nun weiterhin mit viel Kraft und Engagement fortgef\u00fchrt. Der H\u00f6hepunkt ist der Wahltag, an denen unsere Sch\u00fclerinnen und Sch\u00fcler ihre eingebrachten Vorschl\u00e4ge w\u00e4hlen.<\/p>\n<p>&nbsp;<\/p>\n<p><a href=\"http:\/\/www.s663169591.online.de\/oberschule\/wp-content\/uploads\/2023\/02\/P1170020-scaled.jpg\"><img loading=\"lazy\" class=\"size-medium wp-image-5884 aligncenter\" src=\"http:\/\/www.s663169591.online.de\/oberschule\/wp-content\/uploads\/2023\/02\/P1170020-200x300.jpg\" alt=\"\" width=\"200\" height=\"300\" srcset=\"https:\/\/die-medien-produktion.de\/wp-content\/uploads\/2023\/02\/P1170020-200x300.jpg 200w, https:\/\/die-medien-produktion.de\/wp-content\/uploads\/2023\/02\/P1170020-683x1024.jpg 683w, https:\/\/die-medien-produktion.de\/wp-content\/uploads\/2023\/02\/P1170020-768x1152.jpg 768w, https:\/\/die-medien-produktion.de\/wp-content\/uploads\/2023\/02\/P1170020-1024x1536.jpg 1024w, https:\/\/die-medien-produktion.de\/wp-content\/uploads\/2023\/02\/P1170020-1365x2048.jpg 1365w, https:\/\/die-medien-produktion.de\/wp-content\/uploads\/2023\/02\/P1170020-scaled.jpg 1707w\" sizes=\"(max-width: 200px) 100vw, 200px\" \/>&nbsp; <\/a><a href=\"http:\/\/www.s663169591.online.de\/oberschule\/wp-content\/uploads\/2023\/02\/P1080829-scaled.jpg\"><img loading=\"lazy\" class=\"size-medium wp-image-5883 aligncenter\" src=\"http:\/\/www.s663169591.online.de\/oberschule\/wp-content\/uploads\/2023\/02\/P1080829-225x300.jpg\" alt=\"\" width=\"225\" height=\"300\" srcset=\"https:\/\/die-medien-produktion.de\/wp-content\/uploads\/2023\/02\/P1080829-225x300.jpg 225w, https:\/\/die-medien-produktion.de\/wp-content\/uploads\/2023\/02\/P1080829-768x1024.jpg 768w, https:\/\/die-medien-produktion.de\/wp-content\/uploads\/2023\/02\/P1080829-1152x1536.jpg 1152w, https:\/\/die-medien-produktion.de\/wp-content\/uploads\/2023\/02\/P1080829-1536x2048.jpg 1536w, https:\/\/die-medien-produktion.de\/wp-content\/uploads\/2023\/02\/P1080829-scaled.jpg 1920w\" sizes=\"(max-width: 225px) 100vw, 225px\" \/>&nbsp; <\/a><a href=\"http:\/\/www.s663169591.online.de\/oberschule\/wp-content\/uploads\/2023\/02\/IMG_3069-scaled.jpg\"><img loading=\"lazy\" class=\"size-medium wp-image-5882 aligncenter\" src=\"http:\/\/www.s663169591.online.de\/oberschule\/wp-content\/uploads\/2023\/02\/IMG_3069-300x200.jpg\" alt=\"\" width=\"300\" height=\"200\" srcset=\"https:\/\/die-medien-produktion.de\/wp-content\/uploads\/2023\/02\/IMG_3069-300x200.jpg 300w, https:\/\/die-medien-produktion.de\/wp-content\/uploads\/2023\/02\/IMG_3069-1024x683.jpg 1024w, https:\/\/die-medien-produktion.de\/wp-content\/uploads\/2023\/02\/IMG_3069-768x512.jpg 768w, https:\/\/die-medien-produktion.de\/wp-content\/uploads\/2023\/02\/IMG_3069-1536x1024.jpg 1536w, https:\/\/die-medien-produktion.de\/wp-content\/uploads\/2023\/02\/IMG_3069-2048x1365.jpg 2048w\" sizes=\"(max-width: 300px) 100vw, 300px\" \/><\/a><\/p>\n","protected":false},"excerpt":{"rendered":"<p>(S\u00e4chsische Jugendstiftung) &nbsp; Was vor f\u00fcnf Jahren in einer der ersten Modellschulen Sachsens mit der Jugendstiftung begann, wird nun weiterhin mit viel Kraft und Engagement fortgef\u00fchrt. Der H\u00f6hepunkt ist der Wahltag, an denen unsere Sch\u00fclerinnen und Sch\u00fcler ihre eingebrachten Vorschl\u00e4ge w\u00e4hlen. &nbsp; &nbsp; &nbsp;<\/p>\n","protected":false},"author":9,"featured_media":0,"parent":1363,"menu_order":4,"comment_status":"closed","ping_status":"closed","template":"","meta":{"ngg_post_thumbnail":0},"_links":{"self":[{"href":"https:\/\/die-medien-produktion.de\/index.php?rest_route=\/wp\/v2\/pages\/5874"}],"collection":[{"href":"https:\/\/die-medien-produktion.de\/index.php?rest_route=\/wp\/v2\/pages"}],"about":[{"href":"https:\/\/die-medien-produktion.de\/index.php?rest_route=\/wp\/v2\/types\/page"}],"author":[{"embeddable":true,"href":"https:\/\/die-medien-produktion.de\/index.php?rest_route=\/wp\/v2\/users\/9"}],"replies":[{"embeddable":true,"href":"https:\/\/die-medien-produktion.de\/index.php?rest_route=%2Fwp%2Fv2%2Fcomments&post=5874"}],"version-history":[{"count":8,"href":"https:\/\/die-medien-produktion.de\/index.php?rest_route=\/wp\/v2\/pages\/5874\/revisions"}],"predecessor-version":[{"id":6139,"href":"https:\/\/die-medien-produktion.de\/index.php?rest_route=\/wp\/v2\/pages\/5874\/revisions\/6139"}],"up":[{"embeddable":true,"href":"https:\/\/die-medien-produktion.de\/index.php?rest_route=\/wp\/v2\/pages\/1363"}],"wp:attachment":[{"href":"https:\/\/die-medien-produktion.de\/index.php?rest_route=%2Fwp%2Fv2%2Fmedia&parent=5874"}],"curies":[{"name":"wp","href":"https:\/\/api.w.org\/{rel}","templated":true}]}}