{"id":5878,"date":"2023-02-21T08:48:05","date_gmt":"2023-02-21T08:48:05","guid":{"rendered":"http:\/\/www.s663169591.online.de\/oberschule\/?page_id=5878"},"modified":"2023-10-17T07:05:15","modified_gmt":"2023-10-17T07:05:15","slug":"weltenbummler-willkommen-fremder","status":"publish","type":"page","link":"https:\/\/die-medien-produktion.de\/?page_id=5878","title":{"rendered":"&#8222;Weltenbummler &#8211; Willkommen Fremder&#8220;"},"content":{"rendered":"<p>Unter dem Motto und Projekttitel &#8222;Weltenbummler- Willkommen Fremder&#8220; erleben unsere Klassenstufen 5 eine besondere Woche von Vielfalt, Toleranz und Handwerk gepr\u00e4gt. Neben dem Besuch der \u201eBanda Comunale\u201c, einer Gruppe junger Musiker unterschiedlicher Nationalit\u00e4ten, erleben sich unsere Sch\u00fclerinnen und Sch\u00fcler beim gemeinsamen Musizieren, im Handwerk und Kunst. Zum Ende dieser bunten Woche haben alle Sch\u00fclerinnen und Sch\u00fcler mindestens ein Exponat aus ihrer Workshopteilnahme fertiggestellt, welche j\u00e4hrlich zum Tag der offenen T\u00fcr ausgestellt werden.<\/p>\n<p><!-- index.php -->\n<div\n\tclass=\"ngg-galleryoverview ngg-ajax-pagination-none\"\n\tid=\"ngg-gallery-430ed25f39eb42f5b347f540874eeb15-1\">\n\n    \t\t<!-- Thumbnails -->\n\t\t\t\t<div id=\"ngg-image-0\" class=\"ngg-gallery-thumbnail-box\" >\n\t\t\t\t        <div class=\"ngg-gallery-thumbnail\">\n            <a href=\"https:\/\/die-medien-produktion.de\/wp-content\/gallery\/2023-02-weltenbummler\/IMG_0308.JPG\"\n               title=\"\"\n               data-src=\"https:\/\/die-medien-produktion.de\/wp-content\/gallery\/2023-02-weltenbummler\/IMG_0308.JPG\"\n               data-thumbnail=\"https:\/\/die-medien-produktion.de\/wp-content\/gallery\/2023-02-weltenbummler\/thumbs\/thumbs_IMG_0308.JPG\"\n               data-image-id=\"1574\"\n               data-title=\"IMG_0308\"\n               data-description=\"\"\n               data-image-slug=\"img_0308\"\n               class=\"ngg-fancybox\" rel=\"430ed25f39eb42f5b347f540874eeb15\">\n                <img\n                    title=\"IMG_0308\"\n                    alt=\"IMG_0308\"\n                    src=\"https:\/\/die-medien-produktion.de\/wp-content\/gallery\/2023-02-weltenbummler\/thumbs\/thumbs_IMG_0308.JPG\"\n                    width=\"240\"\n                    height=\"160\"\n                    style=\"max-width:100%;\"\n                \/>\n            <\/a>\n        <\/div>\n\t\t\t\t\t\t\t<\/div> \n\t\t\t\n        \n\t\t\t\t<div id=\"ngg-image-1\" class=\"ngg-gallery-thumbnail-box\" >\n\t\t\t\t        <div class=\"ngg-gallery-thumbnail\">\n            <a href=\"https:\/\/die-medien-produktion.de\/wp-content\/gallery\/2023-02-weltenbummler\/IMG_0339.JPG\"\n               title=\"\"\n               data-src=\"https:\/\/die-medien-produktion.de\/wp-content\/gallery\/2023-02-weltenbummler\/IMG_0339.JPG\"\n               data-thumbnail=\"https:\/\/die-medien-produktion.de\/wp-content\/gallery\/2023-02-weltenbummler\/thumbs\/thumbs_IMG_0339.JPG\"\n               data-image-id=\"1575\"\n               data-title=\"IMG_0339\"\n               data-description=\"\"\n               data-image-slug=\"img_0339-1\"\n               class=\"ngg-fancybox\" rel=\"430ed25f39eb42f5b347f540874eeb15\">\n                <img\n                    title=\"IMG_0339\"\n                    alt=\"IMG_0339\"\n                    src=\"https:\/\/die-medien-produktion.de\/wp-content\/gallery\/2023-02-weltenbummler\/thumbs\/thumbs_IMG_0339.JPG\"\n                    width=\"240\"\n                    height=\"160\"\n                    style=\"max-width:100%;\"\n                \/>\n            <\/a>\n        <\/div>\n\t\t\t\t\t\t\t<\/div> \n\t\t\t\n        \n\t\t\t\t<div id=\"ngg-image-2\" class=\"ngg-gallery-thumbnail-box\" >\n\t\t\t\t        <div class=\"ngg-gallery-thumbnail\">\n            <a href=\"https:\/\/die-medien-produktion.de\/wp-content\/gallery\/2023-02-weltenbummler\/IMG_0392.JPG\"\n               title=\"\"\n               data-src=\"https:\/\/die-medien-produktion.de\/wp-content\/gallery\/2023-02-weltenbummler\/IMG_0392.JPG\"\n               data-thumbnail=\"https:\/\/die-medien-produktion.de\/wp-content\/gallery\/2023-02-weltenbummler\/thumbs\/thumbs_IMG_0392.JPG\"\n               data-image-id=\"1576\"\n               data-title=\"IMG_0392\"\n               data-description=\"\"\n               data-image-slug=\"img_0392\"\n               class=\"ngg-fancybox\" rel=\"430ed25f39eb42f5b347f540874eeb15\">\n                <img\n                    title=\"IMG_0392\"\n                    alt=\"IMG_0392\"\n                    src=\"https:\/\/die-medien-produktion.de\/wp-content\/gallery\/2023-02-weltenbummler\/thumbs\/thumbs_IMG_0392.JPG\"\n                    width=\"240\"\n                    height=\"160\"\n                    style=\"max-width:100%;\"\n                \/>\n            <\/a>\n        <\/div>\n\t\t\t\t\t\t\t<\/div> \n\t\t\t\n        \n\t\t\n\t\t<!-- Pagination -->\n\t<div class='ngg-clear'><\/div>\t<\/div>\nDiese Ma\u00dfnahme wird mitfinanziert mit Steuermitteln auf Grundlage des vom S\u00e4chsischen Landtag beschlossenen Haushaltes.<\/p>\n<p><a href=\"http:\/\/www.s663169591.online.de\/oberschule\/wp-content\/uploads\/2023\/02\/156dd96e5f10771340853ebd427d9df8.jpg\"><img loading=\"lazy\" class=\"alignnone wp-image-5907\" src=\"http:\/\/www.s663169591.online.de\/oberschule\/wp-content\/uploads\/2023\/02\/156dd96e5f10771340853ebd427d9df8-300x82.jpg\" alt=\"\" width=\"607\" height=\"166\" srcset=\"https:\/\/die-medien-produktion.de\/wp-content\/uploads\/2023\/02\/156dd96e5f10771340853ebd427d9df8-300x82.jpg 300w, https:\/\/die-medien-produktion.de\/wp-content\/uploads\/2023\/02\/156dd96e5f10771340853ebd427d9df8-768x209.jpg 768w, https:\/\/die-medien-produktion.de\/wp-content\/uploads\/2023\/02\/156dd96e5f10771340853ebd427d9df8.jpg 1023w\" sizes=\"(max-width: 607px) 100vw, 607px\" \/><\/a><\/p>\n","protected":false},"excerpt":{"rendered":"<p>Unter dem Motto und Projekttitel &#8222;Weltenbummler- Willkommen Fremder&#8220; erleben unsere Klassenstufen 5 eine besondere Woche von Vielfalt, Toleranz und Handwerk gepr\u00e4gt. Neben dem Besuch der \u201eBanda Comunale\u201c, einer Gruppe junger Musiker unterschiedlicher Nationalit\u00e4ten, erleben sich unsere Sch\u00fclerinnen und Sch\u00fcler beim gemeinsamen Musizieren, im Handwerk und Kunst. Zum Ende dieser bunten Woche haben alle Sch\u00fclerinnen und [&hellip;]<\/p>\n","protected":false},"author":9,"featured_media":0,"parent":1363,"menu_order":8,"comment_status":"closed","ping_status":"closed","template":"","meta":{"ngg_post_thumbnail":0},"_links":{"self":[{"href":"https:\/\/die-medien-produktion.de\/index.php?rest_route=\/wp\/v2\/pages\/5878"}],"collection":[{"href":"https:\/\/die-medien-produktion.de\/index.php?rest_route=\/wp\/v2\/pages"}],"about":[{"href":"https:\/\/die-medien-produktion.de\/index.php?rest_route=\/wp\/v2\/types\/page"}],"author":[{"embeddable":true,"href":"https:\/\/die-medien-produktion.de\/index.php?rest_route=\/wp\/v2\/users\/9"}],"replies":[{"embeddable":true,"href":"https:\/\/die-medien-produktion.de\/index.php?rest_route=%2Fwp%2Fv2%2Fcomments&post=5878"}],"version-history":[{"count":11,"href":"https:\/\/die-medien-produktion.de\/index.php?rest_route=\/wp\/v2\/pages\/5878\/revisions"}],"predecessor-version":[{"id":6141,"href":"https:\/\/die-medien-produktion.de\/index.php?rest_route=\/wp\/v2\/pages\/5878\/revisions\/6141"}],"up":[{"embeddable":true,"href":"https:\/\/die-medien-produktion.de\/index.php?rest_route=\/wp\/v2\/pages\/1363"}],"wp:attachment":[{"href":"https:\/\/die-medien-produktion.de\/index.php?rest_route=%2Fwp%2Fv2%2Fmedia&parent=5878"}],"curies":[{"name":"wp","href":"https:\/\/api.w.org\/{rel}","templated":true}]}}